{"id":626,"date":"2025-03-19T16:45:00","date_gmt":"2025-03-19T16:45:00","guid":{"rendered":"https:\/\/golf.mwmdev.fr\/?page_id=626"},"modified":"2025-04-14T15:14:30","modified_gmt":"2025-04-14T15:14:30","slug":"mariage","status":"publish","type":"page","link":"https:\/\/golf.mwmdev.fr\/?page_id=626","title":{"rendered":"Mariage"},"content":{"rendered":"\t\t<div data-elementor-type=\"wp-page\" data-elementor-id=\"626\" class=\"elementor elementor-626\" data-elementor-post-type=\"page\">\n\t\t\t\t<div data-particle_enable=\"false\" data-particle-mobile-disabled=\"false\" class=\"elementor-element elementor-element-b07ae2c e-flex e-con-boxed e-con e-parent\" data-id=\"b07ae2c\" data-element_type=\"container\" data-e-type=\"container\" data-settings=\"{&quot;background_background&quot;:&quot;classic&quot;}\">\n\t\t\t\t\t<div class=\"e-con-inner\">\n\t\t<div data-particle_enable=\"false\" data-particle-mobile-disabled=\"false\" class=\"elementor-element elementor-element-1b5310e e-con-full e-flex e-con e-child\" data-id=\"1b5310e\" data-element_type=\"container\" data-e-type=\"container\">\n\t\t\t\t<div class=\"elementor-element elementor-element-c1d9ded elementor-widget-mobile__width-inherit elementor-invisible elementor-widget elementor-widget-heading\" data-id=\"c1d9ded\" data-element_type=\"widget\" data-e-type=\"widget\" data-settings=\"{&quot;_animation&quot;:&quot;fadeIn&quot;}\" data-widget_type=\"heading.default\">\n\t\t\t\t<div class=\"elementor-widget-container\">\n\t\t\t\t\t<h2 class=\"elementor-heading-title elementor-size-default\">Espace \u00c9v\u00e9nements<\/h2>\t\t\t\t<\/div>\n\t\t\t\t<\/div>\n\t\t\t\t<div class=\"elementor-element elementor-element-19b0198 elementor-widget-mobile__width-inherit elementor-invisible elementor-widget elementor-widget-heading\" data-id=\"19b0198\" data-element_type=\"widget\" data-e-type=\"widget\" data-settings=\"{&quot;_animation&quot;:&quot;fadeIn&quot;}\" data-widget_type=\"heading.default\">\n\t\t\t\t<div class=\"elementor-widget-container\">\n\t\t\t\t\t<h2 class=\"elementor-heading-title elementor-size-default\">Mariage<\/h2>\t\t\t\t<\/div>\n\t\t\t\t<\/div>\n\t\t\t\t<div class=\"elementor-element elementor-element-0454f3b elementor-widget__width-inherit elementor-widget elementor-widget-heading\" data-id=\"0454f3b\" data-element_type=\"widget\" data-e-type=\"widget\" data-widget_type=\"heading.default\">\n\t\t\t\t<div class=\"elementor-widget-container\">\n\t\t\t\t\t<h2 class=\"elementor-heading-title elementor-size-default\">Organisation Mariage<\/h2>\t\t\t\t<\/div>\n\t\t\t\t<\/div>\n\t\t\t\t<div class=\"elementor-element elementor-element-e74d6bf elementor-widget-divider--view-line elementor-widget elementor-widget-divider\" data-id=\"e74d6bf\" data-element_type=\"widget\" data-e-type=\"widget\" data-widget_type=\"divider.default\">\n\t\t\t\t<div class=\"elementor-widget-container\">\n\t\t\t\t\t\t\t<div class=\"elementor-divider\">\n\t\t\t<span class=\"elementor-divider-separator\">\n\t\t\t\t\t\t<\/span>\n\t\t<\/div>\n\t\t\t\t\t\t<\/div>\n\t\t\t\t<\/div>\n\t\t\t\t<\/div>\n\t\t\t\t\t<\/div>\n\t\t\t\t<\/div>\n\t\t<div data-particle_enable=\"false\" data-particle-mobile-disabled=\"false\" class=\"elementor-element elementor-element-d3cc34c e-flex e-con-boxed e-con e-parent\" data-id=\"d3cc34c\" data-element_type=\"container\" data-e-type=\"container\">\n\t\t\t\t\t<div class=\"e-con-inner\">\n\t\t<div data-particle_enable=\"false\" data-particle-mobile-disabled=\"false\" class=\"elementor-element elementor-element-33170b6 e-con-full e-flex e-con e-child\" data-id=\"33170b6\" data-element_type=\"container\" data-e-type=\"container\">\n\t\t<div data-particle_enable=\"false\" data-particle-mobile-disabled=\"false\" class=\"elementor-element elementor-element-f397662 e-con-full e-flex e-con e-child\" data-id=\"f397662\" data-element_type=\"container\" data-e-type=\"container\">\n\t\t\t\t<div class=\"elementor-element elementor-element-3f3215f elementor-widget elementor-widget-spacer\" data-id=\"3f3215f\" data-element_type=\"widget\" data-e-type=\"widget\" data-settings=\"{&quot;motion_fx_motion_fx_scrolling&quot;:&quot;yes&quot;,&quot;motion_fx_translateY_effect&quot;:&quot;yes&quot;,&quot;motion_fx_translateY_speed&quot;:{&quot;unit&quot;:&quot;px&quot;,&quot;size&quot;:2.5,&quot;sizes&quot;:[]},&quot;motion_fx_translateY_affectedRange&quot;:{&quot;unit&quot;:&quot;%&quot;,&quot;size&quot;:&quot;&quot;,&quot;sizes&quot;:{&quot;start&quot;:0,&quot;end&quot;:100}},&quot;motion_fx_devices&quot;:[&quot;desktop&quot;,&quot;tablet&quot;,&quot;mobile&quot;]}\" data-widget_type=\"spacer.default\">\n\t\t\t\t<div class=\"elementor-widget-container\">\n\t\t\t\t\t\t\t<div class=\"elementor-spacer\">\n\t\t\t<div class=\"elementor-spacer-inner\"><\/div>\n\t\t<\/div>\n\t\t\t\t\t\t<\/div>\n\t\t\t\t<\/div>\n\t\t\t\t<\/div>\n\t\t<div data-particle_enable=\"false\" data-particle-mobile-disabled=\"false\" class=\"elementor-element elementor-element-5285073 e-con-full e-flex e-con e-child\" data-id=\"5285073\" data-element_type=\"container\" data-e-type=\"container\">\n\t\t\t\t<div class=\"elementor-element elementor-element-a5874d9 elementor-widget elementor-widget-spacer\" data-id=\"a5874d9\" data-element_type=\"widget\" data-e-type=\"widget\" data-settings=\"{&quot;motion_fx_motion_fx_scrolling&quot;:&quot;yes&quot;,&quot;motion_fx_translateY_effect&quot;:&quot;yes&quot;,&quot;motion_fx_translateY_direction&quot;:&quot;negative&quot;,&quot;motion_fx_translateY_speed&quot;:{&quot;unit&quot;:&quot;px&quot;,&quot;size&quot;:2.5,&quot;sizes&quot;:[]},&quot;motion_fx_translateY_affectedRange&quot;:{&quot;unit&quot;:&quot;%&quot;,&quot;size&quot;:&quot;&quot;,&quot;sizes&quot;:{&quot;start&quot;:0,&quot;end&quot;:100}},&quot;motion_fx_devices&quot;:[&quot;desktop&quot;,&quot;tablet&quot;,&quot;mobile&quot;]}\" data-widget_type=\"spacer.default\">\n\t\t\t\t<div class=\"elementor-widget-container\">\n\t\t\t\t\t\t\t<div class=\"elementor-spacer\">\n\t\t\t<div class=\"elementor-spacer-inner\"><\/div>\n\t\t<\/div>\n\t\t\t\t\t\t<\/div>\n\t\t\t\t<\/div>\n\t\t\t\t<\/div>\n\t\t\t\t<\/div>\n\t\t<div data-particle_enable=\"false\" data-particle-mobile-disabled=\"false\" class=\"elementor-element elementor-element-b55ae28 e-con-full e-flex e-con e-child\" data-id=\"b55ae28\" data-element_type=\"container\" data-e-type=\"container\" data-settings=\"{&quot;background_background&quot;:&quot;classic&quot;}\">\n\t\t\t\t<div class=\"elementor-element elementor-element-77ff94c elementor-widget-tablet__width-inherit elementor-invisible elementor-widget elementor-widget-heading\" data-id=\"77ff94c\" data-element_type=\"widget\" data-e-type=\"widget\" data-settings=\"{&quot;_animation&quot;:&quot;fadeIn&quot;}\" data-widget_type=\"heading.default\">\n\t\t\t\t<div class=\"elementor-widget-container\">\n\t\t\t\t\t<h2 class=\"elementor-heading-title elementor-size-default\">Votre Mariage <\/h2>\t\t\t\t<\/div>\n\t\t\t\t<\/div>\n\t\t\t\t<div class=\"elementor-element elementor-element-b04944e elementor-widget-tablet__width-inherit elementor-invisible elementor-widget elementor-widget-heading\" data-id=\"b04944e\" data-element_type=\"widget\" data-e-type=\"widget\" data-settings=\"{&quot;_animation&quot;:&quot;fadeIn&quot;}\" data-widget_type=\"heading.default\">\n\t\t\t\t<div class=\"elementor-widget-container\">\n\t\t\t\t\t<h2 class=\"elementor-heading-title elementor-size-default\">au Domaine de Charmeil<\/h2>\t\t\t\t<\/div>\n\t\t\t\t<\/div>\n\t\t\t\t<div class=\"elementor-element elementor-element-c1cbcc0 animated-slow elementor-invisible elementor-widget elementor-widget-text-editor\" data-id=\"c1cbcc0\" data-element_type=\"widget\" data-e-type=\"widget\" data-settings=\"{&quot;_animation&quot;:&quot;fadeIn&quot;,&quot;_animation_delay&quot;:1000}\" data-widget_type=\"text-editor.default\">\n\t\t\t\t<div class=\"elementor-widget-container\">\n\t\t\t\t\t\t\t\t\t<p><strong><em>Dites OUI au Domaine de Charmeil ?<\/em><\/strong><\/p><p class=\"cgHgbA WvQL9w Xp24Nw PanoWQ\"><span class=\"OYPEnA\">C\u00e9l\u00e9brez votre union dans un cadre enchanteur, au c\u0153ur de la nature et du parcours de golf du Domaine de Charmeil.<\/span><\/p><p class=\"cgHgbA WvQL9w Xp24Nw\"><span class=\"OYPEnA\">Et parce que votre r\u00e9ception se doit d\u2019\u00eatre unique et \u00e0 votre image, nous vous proposons une offre compl\u00e8te et modulable selon vos envies.<\/span><\/p><p class=\"cgHgbA WvQL9w Xp24Nw\"><span class=\"OYPEnA\">Notre \u00e9quipe vous accompagne dans les pr\u00e9paratifs pour que tout se d\u00e9roule comme dans vos r\u00eaves.<\/span><\/p>\t\t\t\t\t\t\t\t<\/div>\n\t\t\t\t<\/div>\n\t\t\t\t<div class=\"elementor-element elementor-element-7013939 elementor-align-right elementor-widget elementor-widget-button\" data-id=\"7013939\" data-element_type=\"widget\" data-e-type=\"widget\" data-widget_type=\"button.default\">\n\t\t\t\t<div class=\"elementor-widget-container\">\n\t\t\t\t\t\t\t\t\t<div class=\"elementor-button-wrapper\">\n\t\t\t\t\t<a class=\"elementor-button elementor-button-link elementor-size-sm elementor-animation-grow\" href=\"https:\/\/golf.mwmdev.fr\/wp-content\/uploads\/2025\/03\/brochure-mariage.pdf\" target=\"_blank\">\n\t\t\t\t\t\t<span class=\"elementor-button-content-wrapper\">\n\t\t\t\t\t\t\t\t\t<span class=\"elementor-button-text\">brochure mariage<\/span>\n\t\t\t\t\t<\/span>\n\t\t\t\t\t<\/a>\n\t\t\t\t<\/div>\n\t\t\t\t\t\t\t\t<\/div>\n\t\t\t\t<\/div>\n\t\t\t\t<\/div>\n\t\t\t\t\t<\/div>\n\t\t\t\t<\/div>\n\t\t<div data-particle_enable=\"false\" data-particle-mobile-disabled=\"false\" class=\"elementor-element elementor-element-249628e e-flex e-con-boxed e-con e-parent\" data-id=\"249628e\" data-element_type=\"container\" data-e-type=\"container\" data-settings=\"{&quot;background_background&quot;:&quot;classic&quot;}\">\n\t\t\t\t\t<div class=\"e-con-inner\">\n\t\t<div data-particle_enable=\"false\" data-particle-mobile-disabled=\"false\" class=\"elementor-element elementor-element-786bdb4 e-con-full e-flex e-con e-child\" data-id=\"786bdb4\" data-element_type=\"container\" data-e-type=\"container\">\n\t\t<div data-particle_enable=\"false\" data-particle-mobile-disabled=\"false\" class=\"elementor-element elementor-element-297db6e e-con-full e-flex e-con e-child\" data-id=\"297db6e\" data-element_type=\"container\" data-e-type=\"container\" data-settings=\"{&quot;background_background&quot;:&quot;classic&quot;}\">\n\t\t<div data-particle_enable=\"false\" data-particle-mobile-disabled=\"false\" class=\"elementor-element elementor-element-9b5e359 e-con-full e-flex e-con e-child\" data-id=\"9b5e359\" data-element_type=\"container\" data-e-type=\"container\">\n\t\t\t\t<div class=\"elementor-element elementor-element-13e9554 elementor-widget-tablet__width-inherit elementor-invisible elementor-widget elementor-widget-heading\" data-id=\"13e9554\" data-element_type=\"widget\" data-e-type=\"widget\" data-settings=\"{&quot;_animation&quot;:&quot;fadeIn&quot;}\" data-widget_type=\"heading.default\">\n\t\t\t\t<div class=\"elementor-widget-container\">\n\t\t\t\t\t<h2 class=\"elementor-heading-title elementor-size-default\">Vous \u00eates \u00e0 la recherche d\u2019un lieu pour organiser<\/h2>\t\t\t\t<\/div>\n\t\t\t\t<\/div>\n\t\t\t\t<div class=\"elementor-element elementor-element-4a37538 elementor-widget-tablet__width-initial elementor-invisible elementor-widget elementor-widget-heading\" data-id=\"4a37538\" data-element_type=\"widget\" data-e-type=\"widget\" data-settings=\"{&quot;_animation&quot;:&quot;fadeIn&quot;}\" data-widget_type=\"heading.default\">\n\t\t\t\t<div class=\"elementor-widget-container\">\n\t\t\t\t\t<h2 class=\"elementor-heading-title elementor-size-default\">votre r\u00e9ception?<\/h2>\t\t\t\t<\/div>\n\t\t\t\t<\/div>\n\t\t\t\t<div class=\"elementor-element elementor-element-1e86f68 animated-slow elementor-invisible elementor-widget elementor-widget-text-editor\" data-id=\"1e86f68\" data-element_type=\"widget\" data-e-type=\"widget\" data-settings=\"{&quot;_animation&quot;:&quot;fadeIn&quot;,&quot;_animation_delay&quot;:1000}\" data-widget_type=\"text-editor.default\">\n\t\t\t\t<div class=\"elementor-widget-container\">\n\t\t\t\t\t\t\t\t\t<p>Anniversaire, bapt\u00eame, communion, repas de famille\u2026<\/p><p>Le Domaine de Charmeil est le lieu id\u00e9al pour l\u2019organisation de vos \u00e9v\u00e9nements priv\u00e9s gr\u00e2ce \u00e0 ses espaces de r\u00e9ception d\u00e9di\u00e9s et son environnement exceptionnel.<\/p><p>Une salle de restaurant avec v\u00e9randa, un espace bar lounge, une terrasse ombrag\u00e9e et 3 salons modulables, qui peuvent accueillir vos \u00e9v\u00e8nements priv\u00e9s ou professionnels.<\/p><p>D\u00e9couvrez les prestations propos\u00e9es par le Domaine de Charmeil\u00a0 pour vous offrir un \u00e9v\u00e9nement unique.<\/p><p>Nos espaces s\u2019adaptent \u00e9t\u00e9 comme hiver \u00e0 chacune de vos demandes, avec ou sans privatisation.<\/p><p>Vous souhaitez h\u00e9berger vos convives sur place?<br \/>C\u2019est possible \u00e0 Charmeil !<\/p><p>Notre h\u00f4tel *** de 50 chambres vous permettra de loger sur place et de prolonger votre soir\u00e9e sans vous soucier du retour.<\/p><p>Et pourquoi ne pas finir votre r\u00e9ception en beaut\u00e9 en r\u00e9unissant vos invit\u00e9s autour d\u2019un brunch du lendemain, convivial et savoureux.<\/p><p>Notre \u00e9quipe se tient \u00e0 votre disposition pour vous concocter un \u00e9v\u00e9nement sur mesure<\/p>\t\t\t\t\t\t\t\t<\/div>\n\t\t\t\t<\/div>\n\t\t\t\t<div class=\"elementor-element elementor-element-3b8699d animated-slow elementor-widget-divider--view-line elementor-invisible elementor-widget elementor-widget-divider\" data-id=\"3b8699d\" data-element_type=\"widget\" data-e-type=\"widget\" data-settings=\"{&quot;_animation&quot;:&quot;fadeIn&quot;,&quot;_animation_delay&quot;:500}\" data-widget_type=\"divider.default\">\n\t\t\t\t<div class=\"elementor-widget-container\">\n\t\t\t\t\t\t\t<div class=\"elementor-divider\">\n\t\t\t<span class=\"elementor-divider-separator\">\n\t\t\t\t\t\t<\/span>\n\t\t<\/div>\n\t\t\t\t\t\t<\/div>\n\t\t\t\t<\/div>\n\t\t\t\t<div class=\"elementor-element elementor-element-56b7bdf animated-slow elementor-invisible elementor-widget elementor-widget-text-editor\" data-id=\"56b7bdf\" data-element_type=\"widget\" data-e-type=\"widget\" data-settings=\"{&quot;_animation&quot;:&quot;fadeIn&quot;,&quot;_animation_delay&quot;:1000}\" data-widget_type=\"text-editor.default\">\n\t\t\t\t<div class=\"elementor-widget-container\">\n\t\t\t\t\t\t\t\t\t<p>Contact<\/p>\t\t\t\t\t\t\t\t<\/div>\n\t\t\t\t<\/div>\n\t\t\t\t<div class=\"elementor-element elementor-element-d9c4b84 animated-slow elementor-invisible elementor-widget elementor-widget-text-editor\" data-id=\"d9c4b84\" data-element_type=\"widget\" data-e-type=\"widget\" data-settings=\"{&quot;_animation&quot;:&quot;fadeIn&quot;,&quot;_animation_delay&quot;:1000}\" data-widget_type=\"text-editor.default\">\n\t\t\t\t<div class=\"elementor-widget-container\">\n\t\t\t\t\t\t\t\t\t<p>04.76.93.67.28<\/p>\t\t\t\t\t\t\t\t<\/div>\n\t\t\t\t<\/div>\n\t\t\t\t<\/div>\n\t\t\t\t<\/div>\n\t\t\t\t<\/div>\n\t\t\t\t\t<\/div>\n\t\t\t\t<\/div>\n\t\t\t\t<\/div>\n\t\t","protected":false},"excerpt":{"rendered":"<p>Espace \u00c9v\u00e9nements Mariage Organisation Mariage Votre Mariage au Domaine de Charmeil Dites OUI au Domaine de Charmeil ? C\u00e9l\u00e9brez votre union dans un cadre enchanteur, au c\u0153ur de la nature et du parcours de golf du Domaine de Charmeil. Et parce que votre r\u00e9ception se doit d\u2019\u00eatre unique et \u00e0 votre image, nous vous proposons [&hellip;]<\/p>\n","protected":false},"author":2,"featured_media":0,"parent":617,"menu_order":0,"comment_status":"closed","ping_status":"closed","template":"","meta":{"footnotes":""},"class_list":["post-626","page","type-page","status-publish","hentry"],"yoast_head":"<!-- This site is optimized with the Yoast SEO plugin v24.7 - https:\/\/yoast.com\/wordpress\/plugins\/seo\/ -->\n<title>Mariage | Golf de Charmeil<\/title>\n<meta name=\"description\" content=\"Mariage | Mariage au Golf H\u00f4tel de Charmeil | C\u00e9l\u00e9brez votre union dans un cadre idyllique en Is\u00e8re avec vue sur le golf, espace \u00e9l\u00e9gant et service sur mesure.\" \/>\n<meta name=\"robots\" content=\"index, follow, max-snippet:-1, max-image-preview:large, max-video-preview:-1\" \/>\n<link rel=\"canonical\" href=\"https:\/\/golf.mwmdev.fr\/?page_id=626\" \/>\n<meta property=\"og:locale\" content=\"fr_FR\" \/>\n<meta property=\"og:type\" content=\"article\" \/>\n<meta property=\"og:title\" content=\"Mariage | Golf de Charmeil\" \/>\n<meta property=\"og:description\" content=\"Mariage | Mariage au Golf H\u00f4tel de Charmeil | C\u00e9l\u00e9brez votre union dans un cadre idyllique en Is\u00e8re avec vue sur le golf, espace \u00e9l\u00e9gant et service sur mesure.\" \/>\n<meta property=\"og:url\" content=\"https:\/\/golf.mwmdev.fr\/?page_id=626\" \/>\n<meta property=\"og:site_name\" content=\"golf.mwmdev.fr\" \/>\n<meta property=\"article:modified_time\" content=\"2025-04-14T15:14:30+00:00\" \/>\n<meta name=\"twitter:card\" content=\"summary_large_image\" \/>\n<meta name=\"twitter:label1\" content=\"Dur\u00e9e de lecture estim\u00e9e\" \/>\n\t<meta name=\"twitter:data1\" content=\"2 minutes\" \/>\n<script type=\"application\/ld+json\" class=\"yoast-schema-graph\">{\"@context\":\"https:\/\/schema.org\",\"@graph\":[{\"@type\":\"WebPage\",\"@id\":\"https:\/\/golf.mwmdev.fr\/?page_id=626\",\"url\":\"https:\/\/golf.mwmdev.fr\/?page_id=626\",\"name\":\"Mariage | Golf de Charmeil\",\"isPartOf\":{\"@id\":\"https:\/\/www.golf.mwmdev.fr\/#website\"},\"datePublished\":\"2025-03-19T16:45:00+00:00\",\"dateModified\":\"2025-04-14T15:14:30+00:00\",\"description\":\"Mariage | Mariage au Golf H\u00f4tel de Charmeil | C\u00e9l\u00e9brez votre union dans un cadre idyllique en Is\u00e8re avec vue sur le golf, espace \u00e9l\u00e9gant et service sur mesure.\",\"breadcrumb\":{\"@id\":\"https:\/\/golf.mwmdev.fr\/?page_id=626#breadcrumb\"},\"inLanguage\":\"fr-FR\",\"potentialAction\":[{\"@type\":\"ReadAction\",\"target\":[\"https:\/\/golf.mwmdev.fr\/?page_id=626\"]}]},{\"@type\":\"BreadcrumbList\",\"@id\":\"https:\/\/golf.mwmdev.fr\/?page_id=626#breadcrumb\",\"itemListElement\":[{\"@type\":\"ListItem\",\"position\":1,\"name\":\"Home\",\"item\":\"https:\/\/www.golf.mwmdev.fr\/\"},{\"@type\":\"ListItem\",\"position\":2,\"name\":\"R\u00e9ceptions Priv\u00e9es\",\"item\":\"https:\/\/golf.mwmdev.fr\/?page_id=617\"},{\"@type\":\"ListItem\",\"position\":3,\"name\":\"Mariage\"}]},{\"@type\":\"WebSite\",\"@id\":\"https:\/\/www.golf.mwmdev.fr\/#website\",\"url\":\"https:\/\/www.golf.mwmdev.fr\/\",\"name\":\"golf.mwmdev.fr\",\"description\":\"\",\"publisher\":{\"@id\":\"https:\/\/www.golf.mwmdev.fr\/#organization\"},\"potentialAction\":[{\"@type\":\"SearchAction\",\"target\":{\"@type\":\"EntryPoint\",\"urlTemplate\":\"https:\/\/www.golf.mwmdev.fr\/?s={search_term_string}\"},\"query-input\":{\"@type\":\"PropertyValueSpecification\",\"valueRequired\":true,\"valueName\":\"search_term_string\"}}],\"inLanguage\":\"fr-FR\"},{\"@type\":\"Organization\",\"@id\":\"https:\/\/www.golf.mwmdev.fr\/#organization\",\"name\":\"golf.mwmdev.fr\",\"url\":\"https:\/\/www.golf.mwmdev.fr\/\",\"logo\":{\"@type\":\"ImageObject\",\"inLanguage\":\"fr-FR\",\"@id\":\"https:\/\/www.golf.mwmdev.fr\/#\/schema\/logo\/image\/\",\"url\":\"https:\/\/golf.mwmdev.fr\/wp-content\/uploads\/2025\/04\/Logo-Domaine-Charmeil-web.png\",\"contentUrl\":\"https:\/\/golf.mwmdev.fr\/wp-content\/uploads\/2025\/04\/Logo-Domaine-Charmeil-web.png\",\"width\":892,\"height\":567,\"caption\":\"golf.mwmdev.fr\"},\"image\":{\"@id\":\"https:\/\/www.golf.mwmdev.fr\/#\/schema\/logo\/image\/\"}}]}<\/script>\n<!-- \/ Yoast SEO plugin. -->","yoast_head_json":{"title":"Mariage | Golf de Charmeil","description":"Mariage | Mariage au Golf H\u00f4tel de Charmeil | C\u00e9l\u00e9brez votre union dans un cadre idyllique en Is\u00e8re avec vue sur le golf, espace \u00e9l\u00e9gant et service sur mesure.","robots":{"index":"index","follow":"follow","max-snippet":"max-snippet:-1","max-image-preview":"max-image-preview:large","max-video-preview":"max-video-preview:-1"},"canonical":"https:\/\/golf.mwmdev.fr\/?page_id=626","og_locale":"fr_FR","og_type":"article","og_title":"Mariage | Golf de Charmeil","og_description":"Mariage | Mariage au Golf H\u00f4tel de Charmeil | C\u00e9l\u00e9brez votre union dans un cadre idyllique en Is\u00e8re avec vue sur le golf, espace \u00e9l\u00e9gant et service sur mesure.","og_url":"https:\/\/golf.mwmdev.fr\/?page_id=626","og_site_name":"golf.mwmdev.fr","article_modified_time":"2025-04-14T15:14:30+00:00","twitter_card":"summary_large_image","twitter_misc":{"Dur\u00e9e de lecture estim\u00e9e":"2 minutes"},"schema":{"@context":"https:\/\/schema.org","@graph":[{"@type":"WebPage","@id":"https:\/\/golf.mwmdev.fr\/?page_id=626","url":"https:\/\/golf.mwmdev.fr\/?page_id=626","name":"Mariage | Golf de Charmeil","isPartOf":{"@id":"https:\/\/www.golf.mwmdev.fr\/#website"},"datePublished":"2025-03-19T16:45:00+00:00","dateModified":"2025-04-14T15:14:30+00:00","description":"Mariage | Mariage au Golf H\u00f4tel de Charmeil | C\u00e9l\u00e9brez votre union dans un cadre idyllique en Is\u00e8re avec vue sur le golf, espace \u00e9l\u00e9gant et service sur mesure.","breadcrumb":{"@id":"https:\/\/golf.mwmdev.fr\/?page_id=626#breadcrumb"},"inLanguage":"fr-FR","potentialAction":[{"@type":"ReadAction","target":["https:\/\/golf.mwmdev.fr\/?page_id=626"]}]},{"@type":"BreadcrumbList","@id":"https:\/\/golf.mwmdev.fr\/?page_id=626#breadcrumb","itemListElement":[{"@type":"ListItem","position":1,"name":"Home","item":"https:\/\/www.golf.mwmdev.fr\/"},{"@type":"ListItem","position":2,"name":"R\u00e9ceptions Priv\u00e9es","item":"https:\/\/golf.mwmdev.fr\/?page_id=617"},{"@type":"ListItem","position":3,"name":"Mariage"}]},{"@type":"WebSite","@id":"https:\/\/www.golf.mwmdev.fr\/#website","url":"https:\/\/www.golf.mwmdev.fr\/","name":"golf.mwmdev.fr","description":"","publisher":{"@id":"https:\/\/www.golf.mwmdev.fr\/#organization"},"potentialAction":[{"@type":"SearchAction","target":{"@type":"EntryPoint","urlTemplate":"https:\/\/www.golf.mwmdev.fr\/?s={search_term_string}"},"query-input":{"@type":"PropertyValueSpecification","valueRequired":true,"valueName":"search_term_string"}}],"inLanguage":"fr-FR"},{"@type":"Organization","@id":"https:\/\/www.golf.mwmdev.fr\/#organization","name":"golf.mwmdev.fr","url":"https:\/\/www.golf.mwmdev.fr\/","logo":{"@type":"ImageObject","inLanguage":"fr-FR","@id":"https:\/\/www.golf.mwmdev.fr\/#\/schema\/logo\/image\/","url":"https:\/\/golf.mwmdev.fr\/wp-content\/uploads\/2025\/04\/Logo-Domaine-Charmeil-web.png","contentUrl":"https:\/\/golf.mwmdev.fr\/wp-content\/uploads\/2025\/04\/Logo-Domaine-Charmeil-web.png","width":892,"height":567,"caption":"golf.mwmdev.fr"},"image":{"@id":"https:\/\/www.golf.mwmdev.fr\/#\/schema\/logo\/image\/"}}]}},"_links":{"self":[{"href":"https:\/\/golf.mwmdev.fr\/index.php?rest_route=\/wp\/v2\/pages\/626","targetHints":{"allow":["GET"]}}],"collection":[{"href":"https:\/\/golf.mwmdev.fr\/index.php?rest_route=\/wp\/v2\/pages"}],"about":[{"href":"https:\/\/golf.mwmdev.fr\/index.php?rest_route=\/wp\/v2\/types\/page"}],"author":[{"embeddable":true,"href":"https:\/\/golf.mwmdev.fr\/index.php?rest_route=\/wp\/v2\/users\/2"}],"replies":[{"embeddable":true,"href":"https:\/\/golf.mwmdev.fr\/index.php?rest_route=%2Fwp%2Fv2%2Fcomments&post=626"}],"version-history":[{"count":25,"href":"https:\/\/golf.mwmdev.fr\/index.php?rest_route=\/wp\/v2\/pages\/626\/revisions"}],"predecessor-version":[{"id":1563,"href":"https:\/\/golf.mwmdev.fr\/index.php?rest_route=\/wp\/v2\/pages\/626\/revisions\/1563"}],"up":[{"embeddable":true,"href":"https:\/\/golf.mwmdev.fr\/index.php?rest_route=\/wp\/v2\/pages\/617"}],"wp:attachment":[{"href":"https:\/\/golf.mwmdev.fr\/index.php?rest_route=%2Fwp%2Fv2%2Fmedia&parent=626"}],"curies":[{"name":"wp","href":"https:\/\/api.w.org\/{rel}","templated":true}]}}