{"id":617,"date":"2025-03-19T16:31:09","date_gmt":"2025-03-19T16:31:09","guid":{"rendered":"https:\/\/golf.mwmdev.fr\/?page_id=617"},"modified":"2025-03-31T12:32:15","modified_gmt":"2025-03-31T12:32:15","slug":"mariages-receptions","status":"publish","type":"page","link":"https:\/\/golf.mwmdev.fr\/?page_id=617","title":{"rendered":"R\u00e9ceptions Priv\u00e9es"},"content":{"rendered":"\t\t<div data-elementor-type=\"wp-page\" data-elementor-id=\"617\" class=\"elementor elementor-617\" data-elementor-post-type=\"page\">\n\t\t\t\t<div data-particle_enable=\"false\" data-particle-mobile-disabled=\"false\" class=\"elementor-element elementor-element-45be981 e-flex e-con-boxed e-con e-parent\" data-id=\"45be981\" data-element_type=\"container\" data-e-type=\"container\" data-settings=\"{&quot;background_background&quot;:&quot;classic&quot;}\">\n\t\t\t\t\t<div class=\"e-con-inner\">\n\t\t<div data-particle_enable=\"false\" data-particle-mobile-disabled=\"false\" class=\"elementor-element elementor-element-4fa504c e-con-full e-flex e-con e-child\" data-id=\"4fa504c\" data-element_type=\"container\" data-e-type=\"container\">\n\t\t\t\t<div class=\"elementor-element elementor-element-59a4d8a elementor-widget-mobile__width-inherit elementor-invisible elementor-widget elementor-widget-heading\" data-id=\"59a4d8a\" data-element_type=\"widget\" data-e-type=\"widget\" data-settings=\"{&quot;_animation&quot;:&quot;fadeIn&quot;}\" data-widget_type=\"heading.default\">\n\t\t\t\t<div class=\"elementor-widget-container\">\n\t\t\t\t\t<h2 class=\"elementor-heading-title elementor-size-default\">Espace \u00c9v\u00e9nements<\/h2>\t\t\t\t<\/div>\n\t\t\t\t<\/div>\n\t\t\t\t<div class=\"elementor-element elementor-element-27e2686 elementor-widget-mobile__width-inherit elementor-invisible elementor-widget elementor-widget-heading\" data-id=\"27e2686\" data-element_type=\"widget\" data-e-type=\"widget\" data-settings=\"{&quot;_animation&quot;:&quot;fadeIn&quot;}\" data-widget_type=\"heading.default\">\n\t\t\t\t<div class=\"elementor-widget-container\">\n\t\t\t\t\t<h2 class=\"elementor-heading-title elementor-size-default\">R\u00e9ceptions Priv\u00e9es<\/h2>\t\t\t\t<\/div>\n\t\t\t\t<\/div>\n\t\t\t\t<div class=\"elementor-element elementor-element-f605471 elementor-widget__width-inherit elementor-widget elementor-widget-heading\" data-id=\"f605471\" data-element_type=\"widget\" data-e-type=\"widget\" data-widget_type=\"heading.default\">\n\t\t\t\t<div class=\"elementor-widget-container\">\n\t\t\t\t\t<h2 class=\"elementor-heading-title elementor-size-default\">Organisation Mariage<\/h2>\t\t\t\t<\/div>\n\t\t\t\t<\/div>\n\t\t\t\t<div class=\"elementor-element elementor-element-223777e elementor-widget-divider--view-line elementor-widget elementor-widget-divider\" data-id=\"223777e\" data-element_type=\"widget\" data-e-type=\"widget\" data-widget_type=\"divider.default\">\n\t\t\t\t<div class=\"elementor-widget-container\">\n\t\t\t\t\t\t\t<div class=\"elementor-divider\">\n\t\t\t<span class=\"elementor-divider-separator\">\n\t\t\t\t\t\t<\/span>\n\t\t<\/div>\n\t\t\t\t\t\t<\/div>\n\t\t\t\t<\/div>\n\t\t\t\t<\/div>\n\t\t\t\t\t<\/div>\n\t\t\t\t<\/div>\n\t\t<div data-particle_enable=\"false\" data-particle-mobile-disabled=\"false\" class=\"elementor-element elementor-element-ed71e23 e-flex e-con-boxed e-con e-parent\" data-id=\"ed71e23\" data-element_type=\"container\" data-e-type=\"container\">\n\t\t\t\t\t<div class=\"e-con-inner\">\n\t\t<div data-particle_enable=\"false\" data-particle-mobile-disabled=\"false\" class=\"elementor-element elementor-element-2ccbd81 e-con-full e-flex e-con e-child\" data-id=\"2ccbd81\" data-element_type=\"container\" data-e-type=\"container\">\n\t\t<div data-particle_enable=\"false\" data-particle-mobile-disabled=\"false\" class=\"elementor-element elementor-element-9ec1e4b e-con-full e-flex e-con e-child\" data-id=\"9ec1e4b\" data-element_type=\"container\" data-e-type=\"container\">\n\t\t\t\t<div class=\"elementor-element elementor-element-3caf491 elementor-widget elementor-widget-spacer\" data-id=\"3caf491\" data-element_type=\"widget\" data-e-type=\"widget\" data-settings=\"{&quot;motion_fx_motion_fx_scrolling&quot;:&quot;yes&quot;,&quot;motion_fx_translateY_effect&quot;:&quot;yes&quot;,&quot;motion_fx_translateY_speed&quot;:{&quot;unit&quot;:&quot;px&quot;,&quot;size&quot;:2.5,&quot;sizes&quot;:[]},&quot;motion_fx_translateY_affectedRange&quot;:{&quot;unit&quot;:&quot;%&quot;,&quot;size&quot;:&quot;&quot;,&quot;sizes&quot;:{&quot;start&quot;:0,&quot;end&quot;:100}},&quot;motion_fx_devices&quot;:[&quot;desktop&quot;,&quot;tablet&quot;,&quot;mobile&quot;]}\" data-widget_type=\"spacer.default\">\n\t\t\t\t<div class=\"elementor-widget-container\">\n\t\t\t\t\t\t\t<div class=\"elementor-spacer\">\n\t\t\t<div class=\"elementor-spacer-inner\"><\/div>\n\t\t<\/div>\n\t\t\t\t\t\t<\/div>\n\t\t\t\t<\/div>\n\t\t\t\t<\/div>\n\t\t<div data-particle_enable=\"false\" data-particle-mobile-disabled=\"false\" class=\"elementor-element elementor-element-6d50a19 e-con-full e-flex e-con e-child\" data-id=\"6d50a19\" data-element_type=\"container\" data-e-type=\"container\">\n\t\t\t\t<div class=\"elementor-element elementor-element-4407bc2 elementor-widget elementor-widget-spacer\" data-id=\"4407bc2\" data-element_type=\"widget\" data-e-type=\"widget\" data-settings=\"{&quot;motion_fx_motion_fx_scrolling&quot;:&quot;yes&quot;,&quot;motion_fx_translateY_effect&quot;:&quot;yes&quot;,&quot;motion_fx_translateY_direction&quot;:&quot;negative&quot;,&quot;motion_fx_translateY_speed&quot;:{&quot;unit&quot;:&quot;px&quot;,&quot;size&quot;:2.5,&quot;sizes&quot;:[]},&quot;motion_fx_translateY_affectedRange&quot;:{&quot;unit&quot;:&quot;%&quot;,&quot;size&quot;:&quot;&quot;,&quot;sizes&quot;:{&quot;start&quot;:0,&quot;end&quot;:100}},&quot;motion_fx_devices&quot;:[&quot;desktop&quot;,&quot;tablet&quot;,&quot;mobile&quot;]}\" data-widget_type=\"spacer.default\">\n\t\t\t\t<div class=\"elementor-widget-container\">\n\t\t\t\t\t\t\t<div class=\"elementor-spacer\">\n\t\t\t<div class=\"elementor-spacer-inner\"><\/div>\n\t\t<\/div>\n\t\t\t\t\t\t<\/div>\n\t\t\t\t<\/div>\n\t\t\t\t<\/div>\n\t\t\t\t<\/div>\n\t\t<div data-particle_enable=\"false\" data-particle-mobile-disabled=\"false\" class=\"elementor-element elementor-element-29badc0 e-con-full e-flex e-con e-child\" data-id=\"29badc0\" data-element_type=\"container\" data-e-type=\"container\" data-settings=\"{&quot;background_background&quot;:&quot;classic&quot;}\">\n\t\t\t\t<div class=\"elementor-element elementor-element-ae549b8 elementor-widget-tablet__width-inherit elementor-invisible elementor-widget elementor-widget-heading\" data-id=\"ae549b8\" data-element_type=\"widget\" data-e-type=\"widget\" data-settings=\"{&quot;_animation&quot;:&quot;fadeIn&quot;}\" data-widget_type=\"heading.default\">\n\t\t\t\t<div class=\"elementor-widget-container\">\n\t\t\t\t\t<h2 class=\"elementor-heading-title elementor-size-default\">Votre Mariage <\/h2>\t\t\t\t<\/div>\n\t\t\t\t<\/div>\n\t\t\t\t<div class=\"elementor-element elementor-element-7acc19f elementor-widget-tablet__width-inherit elementor-invisible elementor-widget elementor-widget-heading\" data-id=\"7acc19f\" data-element_type=\"widget\" data-e-type=\"widget\" data-settings=\"{&quot;_animation&quot;:&quot;fadeIn&quot;}\" data-widget_type=\"heading.default\">\n\t\t\t\t<div class=\"elementor-widget-container\">\n\t\t\t\t\t<h2 class=\"elementor-heading-title elementor-size-default\">au Domaine de Charmeil<\/h2>\t\t\t\t<\/div>\n\t\t\t\t<\/div>\n\t\t\t\t<div class=\"elementor-element elementor-element-da71f01 animated-slow elementor-invisible elementor-widget elementor-widget-text-editor\" data-id=\"da71f01\" data-element_type=\"widget\" data-e-type=\"widget\" data-settings=\"{&quot;_animation&quot;:&quot;fadeIn&quot;,&quot;_animation_delay&quot;:1000}\" data-widget_type=\"text-editor.default\">\n\t\t\t\t<div class=\"elementor-widget-container\">\n\t\t\t\t\t\t\t\t\t<p>Organisez votre \u00e9v\u00e9nement au Domaine de Charmeil et profitez d\u2019un cadre exceptionnel pour r\u00e9unir vos invit\u00e9s !<\/p><p>Ev\u00e9nement professionnel, anniversaire, bapt\u00eame, r\u00e9union de famille\u2026 Marquez les esprits en offrant une parenth\u00e8se enchant\u00e9e dans un Domaine au c\u0153ur de la nature.<br \/>Les espaces sont multiples : salle de restaurant, v\u00e9randa, bar, terrasse ombrag\u00e9e, bord de piscine ou encore un espace champ\u00eatre dans le champs de noyers.<\/p><p>Parce que chaque \u00e9v\u00e9nement est unique, nos espaces s\u2019adaptent \u00e0 toutes vos demandes.<\/p><p>Plusieurs formules de restauration sont \u00e9galement propos\u00e9es pour les groupes afin de satisfaire le plus grand nombre.<\/p><p>Repas avec service \u00e0 l\u2019assiette, buffet, cocktail dinatoire ou encore brasero; notre Domaine s\u2019adapte \u00e0 la dimension que vous souhaitez donner \u00e0 votre r\u00e9ception<\/p>\t\t\t\t\t\t\t\t<\/div>\n\t\t\t\t<\/div>\n\t\t\t\t<\/div>\n\t\t\t\t\t<\/div>\n\t\t\t\t<\/div>\n\t\t\t\t<\/div>\n\t\t","protected":false},"excerpt":{"rendered":"<p>Espace \u00c9v\u00e9nements R\u00e9ceptions Priv\u00e9es Organisation Mariage Votre Mariage au Domaine de Charmeil Organisez votre \u00e9v\u00e9nement au Domaine de Charmeil et profitez d\u2019un cadre exceptionnel pour r\u00e9unir vos invit\u00e9s ! Ev\u00e9nement professionnel, anniversaire, bapt\u00eame, r\u00e9union de famille\u2026 Marquez les esprits en offrant une parenth\u00e8se enchant\u00e9e dans un Domaine au c\u0153ur de la nature.Les espaces sont multiples [&hellip;]<\/p>\n","protected":false},"author":2,"featured_media":0,"parent":0,"menu_order":0,"comment_status":"closed","ping_status":"closed","template":"","meta":{"footnotes":""},"class_list":["post-617","page","type-page","status-publish","hentry"],"yoast_head":"<!-- This site is optimized with the Yoast SEO plugin v24.7 - https:\/\/yoast.com\/wordpress\/plugins\/seo\/ -->\n<title>R\u00e9ceptions Priv\u00e9es | Golf de Charmeil<\/title>\n<meta name=\"description\" content=\"R\u00e9ceptions Priv\u00e9es | Mariages et r\u00e9ceptions au Golf H\u00f4tel de Charmeil | Organisez vos \u00e9v\u00e9nements dans un cadre exceptionnel en Is\u00e8re, avec vue sur le golf et service personnalis\u00e9.\" \/>\n<meta name=\"robots\" content=\"index, follow, max-snippet:-1, max-image-preview:large, max-video-preview:-1\" \/>\n<link rel=\"canonical\" href=\"https:\/\/golf.mwmdev.fr\/?page_id=617\" \/>\n<meta property=\"og:locale\" content=\"fr_FR\" \/>\n<meta property=\"og:type\" content=\"article\" \/>\n<meta property=\"og:title\" content=\"R\u00e9ceptions Priv\u00e9es | Golf de Charmeil\" \/>\n<meta property=\"og:description\" content=\"R\u00e9ceptions Priv\u00e9es | Mariages et r\u00e9ceptions au Golf H\u00f4tel de Charmeil | Organisez vos \u00e9v\u00e9nements dans un cadre exceptionnel en Is\u00e8re, avec vue sur le golf et service personnalis\u00e9.\" \/>\n<meta property=\"og:url\" content=\"https:\/\/golf.mwmdev.fr\/?page_id=617\" \/>\n<meta property=\"og:site_name\" content=\"golf.mwmdev.fr\" \/>\n<meta property=\"article:modified_time\" content=\"2025-03-31T12:32:15+00:00\" \/>\n<meta name=\"twitter:card\" content=\"summary_large_image\" \/>\n<script type=\"application\/ld+json\" class=\"yoast-schema-graph\">{\"@context\":\"https:\/\/schema.org\",\"@graph\":[{\"@type\":\"WebPage\",\"@id\":\"https:\/\/golf.mwmdev.fr\/?page_id=617\",\"url\":\"https:\/\/golf.mwmdev.fr\/?page_id=617\",\"name\":\"R\u00e9ceptions Priv\u00e9es | Golf de Charmeil\",\"isPartOf\":{\"@id\":\"https:\/\/www.golf.mwmdev.fr\/#website\"},\"datePublished\":\"2025-03-19T16:31:09+00:00\",\"dateModified\":\"2025-03-31T12:32:15+00:00\",\"description\":\"R\u00e9ceptions Priv\u00e9es | Mariages et r\u00e9ceptions au Golf H\u00f4tel de Charmeil | Organisez vos \u00e9v\u00e9nements dans un cadre exceptionnel en Is\u00e8re, avec vue sur le golf et service personnalis\u00e9.\",\"breadcrumb\":{\"@id\":\"https:\/\/golf.mwmdev.fr\/?page_id=617#breadcrumb\"},\"inLanguage\":\"fr-FR\",\"potentialAction\":[{\"@type\":\"ReadAction\",\"target\":[\"https:\/\/golf.mwmdev.fr\/?page_id=617\"]}]},{\"@type\":\"BreadcrumbList\",\"@id\":\"https:\/\/golf.mwmdev.fr\/?page_id=617#breadcrumb\",\"itemListElement\":[{\"@type\":\"ListItem\",\"position\":1,\"name\":\"Home\",\"item\":\"https:\/\/www.golf.mwmdev.fr\/\"},{\"@type\":\"ListItem\",\"position\":2,\"name\":\"R\u00e9ceptions Priv\u00e9es\"}]},{\"@type\":\"WebSite\",\"@id\":\"https:\/\/www.golf.mwmdev.fr\/#website\",\"url\":\"https:\/\/www.golf.mwmdev.fr\/\",\"name\":\"golf.mwmdev.fr\",\"description\":\"\",\"publisher\":{\"@id\":\"https:\/\/www.golf.mwmdev.fr\/#organization\"},\"potentialAction\":[{\"@type\":\"SearchAction\",\"target\":{\"@type\":\"EntryPoint\",\"urlTemplate\":\"https:\/\/www.golf.mwmdev.fr\/?s={search_term_string}\"},\"query-input\":{\"@type\":\"PropertyValueSpecification\",\"valueRequired\":true,\"valueName\":\"search_term_string\"}}],\"inLanguage\":\"fr-FR\"},{\"@type\":\"Organization\",\"@id\":\"https:\/\/www.golf.mwmdev.fr\/#organization\",\"name\":\"golf.mwmdev.fr\",\"url\":\"https:\/\/www.golf.mwmdev.fr\/\",\"logo\":{\"@type\":\"ImageObject\",\"inLanguage\":\"fr-FR\",\"@id\":\"https:\/\/www.golf.mwmdev.fr\/#\/schema\/logo\/image\/\",\"url\":\"https:\/\/golf.mwmdev.fr\/wp-content\/uploads\/2025\/04\/Logo-Domaine-Charmeil-web.png\",\"contentUrl\":\"https:\/\/golf.mwmdev.fr\/wp-content\/uploads\/2025\/04\/Logo-Domaine-Charmeil-web.png\",\"width\":892,\"height\":567,\"caption\":\"golf.mwmdev.fr\"},\"image\":{\"@id\":\"https:\/\/www.golf.mwmdev.fr\/#\/schema\/logo\/image\/\"}}]}<\/script>\n<!-- \/ Yoast SEO plugin. -->","yoast_head_json":{"title":"R\u00e9ceptions Priv\u00e9es | Golf de Charmeil","description":"R\u00e9ceptions Priv\u00e9es | Mariages et r\u00e9ceptions au Golf H\u00f4tel de Charmeil | Organisez vos \u00e9v\u00e9nements dans un cadre exceptionnel en Is\u00e8re, avec vue sur le golf et service personnalis\u00e9.","robots":{"index":"index","follow":"follow","max-snippet":"max-snippet:-1","max-image-preview":"max-image-preview:large","max-video-preview":"max-video-preview:-1"},"canonical":"https:\/\/golf.mwmdev.fr\/?page_id=617","og_locale":"fr_FR","og_type":"article","og_title":"R\u00e9ceptions Priv\u00e9es | Golf de Charmeil","og_description":"R\u00e9ceptions Priv\u00e9es | Mariages et r\u00e9ceptions au Golf H\u00f4tel de Charmeil | Organisez vos \u00e9v\u00e9nements dans un cadre exceptionnel en Is\u00e8re, avec vue sur le golf et service personnalis\u00e9.","og_url":"https:\/\/golf.mwmdev.fr\/?page_id=617","og_site_name":"golf.mwmdev.fr","article_modified_time":"2025-03-31T12:32:15+00:00","twitter_card":"summary_large_image","schema":{"@context":"https:\/\/schema.org","@graph":[{"@type":"WebPage","@id":"https:\/\/golf.mwmdev.fr\/?page_id=617","url":"https:\/\/golf.mwmdev.fr\/?page_id=617","name":"R\u00e9ceptions Priv\u00e9es | Golf de Charmeil","isPartOf":{"@id":"https:\/\/www.golf.mwmdev.fr\/#website"},"datePublished":"2025-03-19T16:31:09+00:00","dateModified":"2025-03-31T12:32:15+00:00","description":"R\u00e9ceptions Priv\u00e9es | Mariages et r\u00e9ceptions au Golf H\u00f4tel de Charmeil | Organisez vos \u00e9v\u00e9nements dans un cadre exceptionnel en Is\u00e8re, avec vue sur le golf et service personnalis\u00e9.","breadcrumb":{"@id":"https:\/\/golf.mwmdev.fr\/?page_id=617#breadcrumb"},"inLanguage":"fr-FR","potentialAction":[{"@type":"ReadAction","target":["https:\/\/golf.mwmdev.fr\/?page_id=617"]}]},{"@type":"BreadcrumbList","@id":"https:\/\/golf.mwmdev.fr\/?page_id=617#breadcrumb","itemListElement":[{"@type":"ListItem","position":1,"name":"Home","item":"https:\/\/www.golf.mwmdev.fr\/"},{"@type":"ListItem","position":2,"name":"R\u00e9ceptions Priv\u00e9es"}]},{"@type":"WebSite","@id":"https:\/\/www.golf.mwmdev.fr\/#website","url":"https:\/\/www.golf.mwmdev.fr\/","name":"golf.mwmdev.fr","description":"","publisher":{"@id":"https:\/\/www.golf.mwmdev.fr\/#organization"},"potentialAction":[{"@type":"SearchAction","target":{"@type":"EntryPoint","urlTemplate":"https:\/\/www.golf.mwmdev.fr\/?s={search_term_string}"},"query-input":{"@type":"PropertyValueSpecification","valueRequired":true,"valueName":"search_term_string"}}],"inLanguage":"fr-FR"},{"@type":"Organization","@id":"https:\/\/www.golf.mwmdev.fr\/#organization","name":"golf.mwmdev.fr","url":"https:\/\/www.golf.mwmdev.fr\/","logo":{"@type":"ImageObject","inLanguage":"fr-FR","@id":"https:\/\/www.golf.mwmdev.fr\/#\/schema\/logo\/image\/","url":"https:\/\/golf.mwmdev.fr\/wp-content\/uploads\/2025\/04\/Logo-Domaine-Charmeil-web.png","contentUrl":"https:\/\/golf.mwmdev.fr\/wp-content\/uploads\/2025\/04\/Logo-Domaine-Charmeil-web.png","width":892,"height":567,"caption":"golf.mwmdev.fr"},"image":{"@id":"https:\/\/www.golf.mwmdev.fr\/#\/schema\/logo\/image\/"}}]}},"_links":{"self":[{"href":"https:\/\/golf.mwmdev.fr\/index.php?rest_route=\/wp\/v2\/pages\/617","targetHints":{"allow":["GET"]}}],"collection":[{"href":"https:\/\/golf.mwmdev.fr\/index.php?rest_route=\/wp\/v2\/pages"}],"about":[{"href":"https:\/\/golf.mwmdev.fr\/index.php?rest_route=\/wp\/v2\/types\/page"}],"author":[{"embeddable":true,"href":"https:\/\/golf.mwmdev.fr\/index.php?rest_route=\/wp\/v2\/users\/2"}],"replies":[{"embeddable":true,"href":"https:\/\/golf.mwmdev.fr\/index.php?rest_route=%2Fwp%2Fv2%2Fcomments&post=617"}],"version-history":[{"count":19,"href":"https:\/\/golf.mwmdev.fr\/index.php?rest_route=\/wp\/v2\/pages\/617\/revisions"}],"predecessor-version":[{"id":1405,"href":"https:\/\/golf.mwmdev.fr\/index.php?rest_route=\/wp\/v2\/pages\/617\/revisions\/1405"}],"wp:attachment":[{"href":"https:\/\/golf.mwmdev.fr\/index.php?rest_route=%2Fwp%2Fv2%2Fmedia&parent=617"}],"curies":[{"name":"wp","href":"https:\/\/api.w.org\/{rel}","templated":true}]}}