{"id":569,"date":"2025-03-19T14:57:59","date_gmt":"2025-03-19T14:57:59","guid":{"rendered":"https:\/\/golf.mwmdev.fr\/?page_id=569"},"modified":"2025-04-14T15:07:05","modified_gmt":"2025-04-14T15:07:05","slug":"association-competitions","status":"publish","type":"page","link":"https:\/\/golf.mwmdev.fr\/?page_id=569","title":{"rendered":"Association sportive &amp; Comp\u00e9titions"},"content":{"rendered":"\t\t<div data-elementor-type=\"wp-page\" data-elementor-id=\"569\" class=\"elementor elementor-569\" data-elementor-post-type=\"page\">\n\t\t\t\t<div data-particle_enable=\"false\" data-particle-mobile-disabled=\"false\" class=\"elementor-element elementor-element-66d383a e-flex e-con-boxed e-con e-parent\" data-id=\"66d383a\" data-element_type=\"container\" data-e-type=\"container\" data-settings=\"{&quot;background_background&quot;:&quot;classic&quot;}\">\n\t\t\t\t\t<div class=\"e-con-inner\">\n\t\t<div data-particle_enable=\"false\" data-particle-mobile-disabled=\"false\" class=\"elementor-element elementor-element-2b538f3 e-con-full e-flex e-con e-child\" data-id=\"2b538f3\" data-element_type=\"container\" data-e-type=\"container\">\n\t\t\t\t<div class=\"elementor-element elementor-element-1f8d2aa elementor-widget-mobile__width-inherit elementor-invisible elementor-widget elementor-widget-heading\" data-id=\"1f8d2aa\" data-element_type=\"widget\" data-e-type=\"widget\" data-settings=\"{&quot;_animation&quot;:&quot;fadeIn&quot;}\" data-widget_type=\"heading.default\">\n\t\t\t\t<div class=\"elementor-widget-container\">\n\t\t\t\t\t<h2 class=\"elementor-heading-title elementor-size-default\">Espace Golf<\/h2>\t\t\t\t<\/div>\n\t\t\t\t<\/div>\n\t\t\t\t<div class=\"elementor-element elementor-element-3378e20 elementor-widget-mobile__width-inherit elementor-invisible elementor-widget elementor-widget-heading\" data-id=\"3378e20\" data-element_type=\"widget\" data-e-type=\"widget\" data-settings=\"{&quot;_animation&quot;:&quot;fadeIn&quot;}\" data-widget_type=\"heading.default\">\n\t\t\t\t<div class=\"elementor-widget-container\">\n\t\t\t\t\t<h2 class=\"elementor-heading-title elementor-size-default\">Association sportive &amp; Comp\u00e9titions<\/h2>\t\t\t\t<\/div>\n\t\t\t\t<\/div>\n\t\t\t\t<div class=\"elementor-element elementor-element-4b60e8c elementor-widget__width-inherit elementor-widget elementor-widget-heading\" data-id=\"4b60e8c\" data-element_type=\"widget\" data-e-type=\"widget\" data-widget_type=\"heading.default\">\n\t\t\t\t<div class=\"elementor-widget-container\">\n\t\t\t\t\t<h2 class=\"elementor-heading-title elementor-size-default\">Un golf 4 saisons<\/h2>\t\t\t\t<\/div>\n\t\t\t\t<\/div>\n\t\t\t\t<div class=\"elementor-element elementor-element-ba60b78 elementor-widget-divider--view-line elementor-widget elementor-widget-divider\" data-id=\"ba60b78\" data-element_type=\"widget\" data-e-type=\"widget\" data-widget_type=\"divider.default\">\n\t\t\t\t<div class=\"elementor-widget-container\">\n\t\t\t\t\t\t\t<div class=\"elementor-divider\">\n\t\t\t<span class=\"elementor-divider-separator\">\n\t\t\t\t\t\t<\/span>\n\t\t<\/div>\n\t\t\t\t\t\t<\/div>\n\t\t\t\t<\/div>\n\t\t\t\t<\/div>\n\t\t\t\t\t<\/div>\n\t\t\t\t<\/div>\n\t\t<div data-particle_enable=\"false\" data-particle-mobile-disabled=\"false\" class=\"elementor-element elementor-element-97401eb e-flex e-con-boxed e-con e-parent\" data-id=\"97401eb\" data-element_type=\"container\" data-e-type=\"container\">\n\t\t\t\t\t<div class=\"e-con-inner\">\n\t\t<div data-particle_enable=\"false\" data-particle-mobile-disabled=\"false\" class=\"elementor-element elementor-element-82c5cac e-con-full e-flex e-con e-child\" data-id=\"82c5cac\" data-element_type=\"container\" data-e-type=\"container\">\n\t\t<div data-particle_enable=\"false\" data-particle-mobile-disabled=\"false\" class=\"elementor-element elementor-element-64e5a8e e-con-full e-flex e-con e-child\" data-id=\"64e5a8e\" data-element_type=\"container\" data-e-type=\"container\">\n\t\t\t\t<div class=\"elementor-element elementor-element-a486828 elementor-widget elementor-widget-spacer\" data-id=\"a486828\" data-element_type=\"widget\" data-e-type=\"widget\" data-settings=\"{&quot;motion_fx_motion_fx_scrolling&quot;:&quot;yes&quot;,&quot;motion_fx_translateY_effect&quot;:&quot;yes&quot;,&quot;motion_fx_translateY_speed&quot;:{&quot;unit&quot;:&quot;px&quot;,&quot;size&quot;:2.5,&quot;sizes&quot;:[]},&quot;motion_fx_translateY_affectedRange&quot;:{&quot;unit&quot;:&quot;%&quot;,&quot;size&quot;:&quot;&quot;,&quot;sizes&quot;:{&quot;start&quot;:0,&quot;end&quot;:100}},&quot;motion_fx_devices&quot;:[&quot;desktop&quot;,&quot;tablet&quot;,&quot;mobile&quot;]}\" data-widget_type=\"spacer.default\">\n\t\t\t\t<div class=\"elementor-widget-container\">\n\t\t\t\t\t\t\t<div class=\"elementor-spacer\">\n\t\t\t<div class=\"elementor-spacer-inner\"><\/div>\n\t\t<\/div>\n\t\t\t\t\t\t<\/div>\n\t\t\t\t<\/div>\n\t\t\t\t<\/div>\n\t\t<div data-particle_enable=\"false\" data-particle-mobile-disabled=\"false\" class=\"elementor-element elementor-element-d955e03 e-con-full e-flex e-con e-child\" data-id=\"d955e03\" data-element_type=\"container\" data-e-type=\"container\">\n\t\t\t\t<div class=\"elementor-element elementor-element-a06b83b elementor-widget elementor-widget-spacer\" data-id=\"a06b83b\" data-element_type=\"widget\" data-e-type=\"widget\" data-settings=\"{&quot;motion_fx_motion_fx_scrolling&quot;:&quot;yes&quot;,&quot;motion_fx_translateY_effect&quot;:&quot;yes&quot;,&quot;motion_fx_translateY_direction&quot;:&quot;negative&quot;,&quot;motion_fx_translateY_speed&quot;:{&quot;unit&quot;:&quot;px&quot;,&quot;size&quot;:2.5,&quot;sizes&quot;:[]},&quot;motion_fx_translateY_affectedRange&quot;:{&quot;unit&quot;:&quot;%&quot;,&quot;size&quot;:&quot;&quot;,&quot;sizes&quot;:{&quot;start&quot;:0,&quot;end&quot;:100}},&quot;motion_fx_devices&quot;:[&quot;desktop&quot;,&quot;tablet&quot;,&quot;mobile&quot;]}\" data-widget_type=\"spacer.default\">\n\t\t\t\t<div class=\"elementor-widget-container\">\n\t\t\t\t\t\t\t<div class=\"elementor-spacer\">\n\t\t\t<div class=\"elementor-spacer-inner\"><\/div>\n\t\t<\/div>\n\t\t\t\t\t\t<\/div>\n\t\t\t\t<\/div>\n\t\t\t\t<\/div>\n\t\t\t\t<\/div>\n\t\t<div data-particle_enable=\"false\" data-particle-mobile-disabled=\"false\" class=\"elementor-element elementor-element-d7c8555 e-con-full e-flex e-con e-child\" data-id=\"d7c8555\" data-element_type=\"container\" data-e-type=\"container\" data-settings=\"{&quot;background_background&quot;:&quot;classic&quot;}\">\n\t\t\t\t<div class=\"elementor-element elementor-element-2821f2b elementor-widget-tablet__width-inherit elementor-invisible elementor-widget elementor-widget-heading\" data-id=\"2821f2b\" data-element_type=\"widget\" data-e-type=\"widget\" data-settings=\"{&quot;_animation&quot;:&quot;fadeIn&quot;}\" data-widget_type=\"heading.default\">\n\t\t\t\t<div class=\"elementor-widget-container\">\n\t\t\t\t\t<h2 class=\"elementor-heading-title elementor-size-default\">L'association<\/h2>\t\t\t\t<\/div>\n\t\t\t\t<\/div>\n\t\t\t\t<div class=\"elementor-element elementor-element-b4b8f49 elementor-widget-tablet__width-inherit elementor-invisible elementor-widget elementor-widget-heading\" data-id=\"b4b8f49\" data-element_type=\"widget\" data-e-type=\"widget\" data-settings=\"{&quot;_animation&quot;:&quot;fadeIn&quot;}\" data-widget_type=\"heading.default\">\n\t\t\t\t<div class=\"elementor-widget-container\">\n\t\t\t\t\t<h2 class=\"elementor-heading-title elementor-size-default\">sportive<\/h2>\t\t\t\t<\/div>\n\t\t\t\t<\/div>\n\t\t\t\t<div class=\"elementor-element elementor-element-6ff337e animated-slow elementor-invisible elementor-widget elementor-widget-text-editor\" data-id=\"6ff337e\" data-element_type=\"widget\" data-e-type=\"widget\" data-settings=\"{&quot;_animation&quot;:&quot;fadeIn&quot;,&quot;_animation_delay&quot;:1000}\" data-widget_type=\"text-editor.default\">\n\t\t\t\t<div class=\"elementor-widget-container\">\n\t\t\t\t\t\t\t\t\t<p>\u00ab\u00a0Rapprocher le sportif et le loisir en d\u00e9veloppant une culture forte autour de notre club\u2026voil\u00e0 la vision que nous portons pour notre association.\u00a0\u00bb\u00a0<em>Jean-Charles Guibert Pr\u00e9sident de l\u2019AS Charmeil<\/em><\/p>\t\t\t\t\t\t\t\t<\/div>\n\t\t\t\t<\/div>\n\t\t<div data-particle_enable=\"false\" data-particle-mobile-disabled=\"false\" class=\"elementor-element elementor-element-9b82a88 e-con-full e-flex e-con e-child\" data-id=\"9b82a88\" data-element_type=\"container\" data-e-type=\"container\">\n\t\t<div data-particle_enable=\"false\" data-particle-mobile-disabled=\"false\" class=\"elementor-element elementor-element-1ac5d7d e-con-full e-flex e-con e-child\" data-id=\"1ac5d7d\" data-element_type=\"container\" data-e-type=\"container\">\n\t\t\t\t<div class=\"elementor-element elementor-element-4f1e0f9 elementor-align-justify elementor-widget elementor-widget-button\" data-id=\"4f1e0f9\" data-element_type=\"widget\" data-e-type=\"widget\" data-widget_type=\"button.default\">\n\t\t\t\t<div class=\"elementor-widget-container\">\n\t\t\t\t\t\t\t\t\t<div class=\"elementor-button-wrapper\">\n\t\t\t\t\t<a class=\"elementor-button elementor-button-link elementor-size-sm elementor-animation-grow\" href=\"https:\/\/asgolf-charmeil.com\/\" target=\"_blank\">\n\t\t\t\t\t\t<span class=\"elementor-button-content-wrapper\">\n\t\t\t\t\t\t\t\t\t<span class=\"elementor-button-text\">AS Golf de Charmeil<\/span>\n\t\t\t\t\t<\/span>\n\t\t\t\t\t<\/a>\n\t\t\t\t<\/div>\n\t\t\t\t\t\t\t\t<\/div>\n\t\t\t\t<\/div>\n\t\t\t\t<\/div>\n\t\t\t\t<\/div>\n\t\t\t\t<\/div>\n\t\t\t\t\t<\/div>\n\t\t\t\t<\/div>\n\t\t<div data-particle_enable=\"false\" data-particle-mobile-disabled=\"false\" class=\"elementor-element elementor-element-0a69675 e-flex e-con-boxed e-con e-parent\" data-id=\"0a69675\" data-element_type=\"container\" data-e-type=\"container\" data-settings=\"{&quot;background_background&quot;:&quot;classic&quot;}\">\n\t\t\t\t\t<div class=\"e-con-inner\">\n\t\t<div data-particle_enable=\"false\" data-particle-mobile-disabled=\"false\" class=\"elementor-element elementor-element-6bc070b e-con-full e-flex e-con e-child\" data-id=\"6bc070b\" data-element_type=\"container\" data-e-type=\"container\">\n\t\t<div data-particle_enable=\"false\" data-particle-mobile-disabled=\"false\" class=\"elementor-element elementor-element-bf1731b e-con-full e-flex e-con e-child\" data-id=\"bf1731b\" data-element_type=\"container\" data-e-type=\"container\" data-settings=\"{&quot;background_background&quot;:&quot;classic&quot;}\">\n\t\t<div data-particle_enable=\"false\" data-particle-mobile-disabled=\"false\" class=\"elementor-element elementor-element-c85e443 e-con-full e-flex e-con e-child\" data-id=\"c85e443\" data-element_type=\"container\" data-e-type=\"container\">\n\t\t\t\t<div class=\"elementor-element elementor-element-95003bc elementor-widget-tablet__width-initial elementor-invisible elementor-widget elementor-widget-heading\" data-id=\"95003bc\" data-element_type=\"widget\" data-e-type=\"widget\" data-settings=\"{&quot;_animation&quot;:&quot;fadeIn&quot;}\" data-widget_type=\"heading.default\">\n\t\t\t\t<div class=\"elementor-widget-container\">\n\t\t\t\t\t<h2 class=\"elementor-heading-title elementor-size-default\">Comp\u00e9titions<\/h2>\t\t\t\t<\/div>\n\t\t\t\t<\/div>\n\t\t\t\t<div class=\"elementor-element elementor-element-f503915 elementor-widget-tablet__width-initial elementor-invisible elementor-widget elementor-widget-heading\" data-id=\"f503915\" data-element_type=\"widget\" data-e-type=\"widget\" data-settings=\"{&quot;_animation&quot;:&quot;fadeIn&quot;}\" data-widget_type=\"heading.default\">\n\t\t\t\t<div class=\"elementor-widget-container\">\n\t\t\t\t\t<h2 class=\"elementor-heading-title elementor-size-default\">2024<\/h2>\t\t\t\t<\/div>\n\t\t\t\t<\/div>\n\t\t\t\t<div class=\"elementor-element elementor-element-cd4ef75 animated-slow elementor-invisible elementor-widget elementor-widget-text-editor\" data-id=\"cd4ef75\" data-element_type=\"widget\" data-e-type=\"widget\" data-settings=\"{&quot;_animation&quot;:&quot;fadeIn&quot;,&quot;_animation_delay&quot;:1000}\" data-widget_type=\"text-editor.default\">\n\t\t\t\t<div class=\"elementor-widget-container\">\n\t\t\t\t\t\t\t\t\t<p>Les rendez-vous \u00e0 ne pas manquer \u00e0 Charmeil en 2024!<br \/>Toutes les comp\u00e9titions sont d\u00e9taill\u00e9es dans le calendrier ci-joint<\/p><p>Le calendrier ci-joint\u00a0 sera r\u00e9guli\u00e8rement mis \u00e0 jour pour vous informer sur les \u00e9ventuelles annulations ou modifications.<\/p>\t\t\t\t\t\t\t\t<\/div>\n\t\t\t\t<\/div>\n\t\t\t\t<div class=\"elementor-element elementor-element-51488ed elementor-align-center elementor-widget elementor-widget-button\" data-id=\"51488ed\" data-element_type=\"widget\" data-e-type=\"widget\" data-widget_type=\"button.default\">\n\t\t\t\t<div class=\"elementor-widget-container\">\n\t\t\t\t\t\t\t\t\t<div class=\"elementor-button-wrapper\">\n\t\t\t\t\t<a class=\"elementor-button elementor-button-link elementor-size-sm elementor-animation-grow\" href=\"#elementor-action%3Aaction%3Dlightbox%26settings%3DeyJ1cmwiOiJodHRwczpcL1wvZ29sZi5td21kZXYuZnJcL3dwLWNvbnRlbnRcL3VwbG9hZHNcLzIwMjVcLzAzXC9QbGFubmluZy1kZXMtY29tcGV0aXRpb25zLnBuZyIsInR5cGUiOiJpbWFnZSIsInRpdGxlIjoiUGxhbm5pbmctZGVzLWNvbXBldGl0aW9ucyJ9\">\n\t\t\t\t\t\t<span class=\"elementor-button-content-wrapper\">\n\t\t\t\t\t\t\t\t\t<span class=\"elementor-button-text\">t\u00e9l\u00e9charger le calendrier des comp\u00e9titions<\/span>\n\t\t\t\t\t<\/span>\n\t\t\t\t\t<\/a>\n\t\t\t\t<\/div>\n\t\t\t\t\t\t\t\t<\/div>\n\t\t\t\t<\/div>\n\t\t\t\t<\/div>\n\t\t\t\t<\/div>\n\t\t\t\t<\/div>\n\t\t\t\t\t<\/div>\n\t\t\t\t<\/div>\n\t\t\t\t<\/div>\n\t\t","protected":false},"excerpt":{"rendered":"<p>Espace Golf Association sportive &#038; Comp\u00e9titions Un golf 4 saisons L&rsquo;association sportive \u00ab\u00a0Rapprocher le sportif et le loisir en d\u00e9veloppant une culture forte autour de notre club\u2026voil\u00e0 la vision que nous portons pour notre association.\u00a0\u00bb\u00a0Jean-Charles Guibert Pr\u00e9sident de l\u2019AS Charmeil AS Golf de Charmeil Comp\u00e9titions 2024 Les rendez-vous \u00e0 ne pas manquer \u00e0 Charmeil en [&hellip;]<\/p>\n","protected":false},"author":2,"featured_media":0,"parent":392,"menu_order":0,"comment_status":"closed","ping_status":"closed","template":"","meta":{"footnotes":""},"class_list":["post-569","page","type-page","status-publish","hentry"],"yoast_head":"<!-- This site is optimized with the Yoast SEO plugin v24.7 - https:\/\/yoast.com\/wordpress\/plugins\/seo\/ -->\n<title>Association sportive &amp; Comp\u00e9titions | Golf de Charmeil<\/title>\n<meta name=\"description\" content=\"Association sportive &amp; Comp\u00e9titions | Association &amp; comp\u00e9titions au Golf H\u00f4tel de Charmeil | Rejoignez l\u2019AS du club et participez \u00e0 des tournois tout au long de l\u2019ann\u00e9e sur notre parcours 18 trous.\" \/>\n<meta name=\"robots\" content=\"index, follow, max-snippet:-1, max-image-preview:large, max-video-preview:-1\" \/>\n<link rel=\"canonical\" href=\"https:\/\/golf.mwmdev.fr\/?page_id=569\" \/>\n<meta property=\"og:locale\" content=\"fr_FR\" \/>\n<meta property=\"og:type\" content=\"article\" \/>\n<meta property=\"og:title\" content=\"Association sportive &amp; Comp\u00e9titions | Golf de Charmeil\" \/>\n<meta property=\"og:description\" content=\"Association sportive &amp; Comp\u00e9titions | Association &amp; comp\u00e9titions au Golf H\u00f4tel de Charmeil | Rejoignez l\u2019AS du club et participez \u00e0 des tournois tout au long de l\u2019ann\u00e9e sur notre parcours 18 trous.\" \/>\n<meta property=\"og:url\" content=\"https:\/\/golf.mwmdev.fr\/?page_id=569\" \/>\n<meta property=\"og:site_name\" content=\"golf.mwmdev.fr\" \/>\n<meta property=\"article:modified_time\" content=\"2025-04-14T15:07:05+00:00\" \/>\n<meta name=\"twitter:card\" content=\"summary_large_image\" \/>\n<meta name=\"twitter:label1\" content=\"Dur\u00e9e de lecture estim\u00e9e\" \/>\n\t<meta name=\"twitter:data1\" content=\"1 minute\" \/>\n<script type=\"application\/ld+json\" class=\"yoast-schema-graph\">{\"@context\":\"https:\/\/schema.org\",\"@graph\":[{\"@type\":\"WebPage\",\"@id\":\"https:\/\/golf.mwmdev.fr\/?page_id=569\",\"url\":\"https:\/\/golf.mwmdev.fr\/?page_id=569\",\"name\":\"Association sportive &amp; Comp\u00e9titions | Golf de Charmeil\",\"isPartOf\":{\"@id\":\"https:\/\/www.golf.mwmdev.fr\/#website\"},\"datePublished\":\"2025-03-19T14:57:59+00:00\",\"dateModified\":\"2025-04-14T15:07:05+00:00\",\"description\":\"Association sportive &amp; Comp\u00e9titions | Association & comp\u00e9titions au Golf H\u00f4tel de Charmeil | Rejoignez l\u2019AS du club et participez \u00e0 des tournois tout au long de l\u2019ann\u00e9e sur notre parcours 18 trous.\",\"breadcrumb\":{\"@id\":\"https:\/\/golf.mwmdev.fr\/?page_id=569#breadcrumb\"},\"inLanguage\":\"fr-FR\",\"potentialAction\":[{\"@type\":\"ReadAction\",\"target\":[\"https:\/\/golf.mwmdev.fr\/?page_id=569\"]}]},{\"@type\":\"BreadcrumbList\",\"@id\":\"https:\/\/golf.mwmdev.fr\/?page_id=569#breadcrumb\",\"itemListElement\":[{\"@type\":\"ListItem\",\"position\":1,\"name\":\"Home\",\"item\":\"https:\/\/www.golf.mwmdev.fr\/\"},{\"@type\":\"ListItem\",\"position\":2,\"name\":\"Golf\",\"item\":\"https:\/\/golf.mwmdev.fr\/?page_id=392\"},{\"@type\":\"ListItem\",\"position\":3,\"name\":\"Association sportive &amp; Comp\u00e9titions\"}]},{\"@type\":\"WebSite\",\"@id\":\"https:\/\/www.golf.mwmdev.fr\/#website\",\"url\":\"https:\/\/www.golf.mwmdev.fr\/\",\"name\":\"golf.mwmdev.fr\",\"description\":\"\",\"publisher\":{\"@id\":\"https:\/\/www.golf.mwmdev.fr\/#organization\"},\"potentialAction\":[{\"@type\":\"SearchAction\",\"target\":{\"@type\":\"EntryPoint\",\"urlTemplate\":\"https:\/\/www.golf.mwmdev.fr\/?s={search_term_string}\"},\"query-input\":{\"@type\":\"PropertyValueSpecification\",\"valueRequired\":true,\"valueName\":\"search_term_string\"}}],\"inLanguage\":\"fr-FR\"},{\"@type\":\"Organization\",\"@id\":\"https:\/\/www.golf.mwmdev.fr\/#organization\",\"name\":\"golf.mwmdev.fr\",\"url\":\"https:\/\/www.golf.mwmdev.fr\/\",\"logo\":{\"@type\":\"ImageObject\",\"inLanguage\":\"fr-FR\",\"@id\":\"https:\/\/www.golf.mwmdev.fr\/#\/schema\/logo\/image\/\",\"url\":\"https:\/\/golf.mwmdev.fr\/wp-content\/uploads\/2025\/04\/Logo-Domaine-Charmeil-web.png\",\"contentUrl\":\"https:\/\/golf.mwmdev.fr\/wp-content\/uploads\/2025\/04\/Logo-Domaine-Charmeil-web.png\",\"width\":892,\"height\":567,\"caption\":\"golf.mwmdev.fr\"},\"image\":{\"@id\":\"https:\/\/www.golf.mwmdev.fr\/#\/schema\/logo\/image\/\"}}]}<\/script>\n<!-- \/ Yoast SEO plugin. -->","yoast_head_json":{"title":"Association sportive &amp; Comp\u00e9titions | Golf de Charmeil","description":"Association sportive &amp; Comp\u00e9titions | Association & comp\u00e9titions au Golf H\u00f4tel de Charmeil | Rejoignez l\u2019AS du club et participez \u00e0 des tournois tout au long de l\u2019ann\u00e9e sur notre parcours 18 trous.","robots":{"index":"index","follow":"follow","max-snippet":"max-snippet:-1","max-image-preview":"max-image-preview:large","max-video-preview":"max-video-preview:-1"},"canonical":"https:\/\/golf.mwmdev.fr\/?page_id=569","og_locale":"fr_FR","og_type":"article","og_title":"Association sportive &amp; Comp\u00e9titions | Golf de Charmeil","og_description":"Association sportive &amp; Comp\u00e9titions | Association & comp\u00e9titions au Golf H\u00f4tel de Charmeil | Rejoignez l\u2019AS du club et participez \u00e0 des tournois tout au long de l\u2019ann\u00e9e sur notre parcours 18 trous.","og_url":"https:\/\/golf.mwmdev.fr\/?page_id=569","og_site_name":"golf.mwmdev.fr","article_modified_time":"2025-04-14T15:07:05+00:00","twitter_card":"summary_large_image","twitter_misc":{"Dur\u00e9e de lecture estim\u00e9e":"1 minute"},"schema":{"@context":"https:\/\/schema.org","@graph":[{"@type":"WebPage","@id":"https:\/\/golf.mwmdev.fr\/?page_id=569","url":"https:\/\/golf.mwmdev.fr\/?page_id=569","name":"Association sportive &amp; Comp\u00e9titions | Golf de Charmeil","isPartOf":{"@id":"https:\/\/www.golf.mwmdev.fr\/#website"},"datePublished":"2025-03-19T14:57:59+00:00","dateModified":"2025-04-14T15:07:05+00:00","description":"Association sportive &amp; Comp\u00e9titions | Association & comp\u00e9titions au Golf H\u00f4tel de Charmeil | Rejoignez l\u2019AS du club et participez \u00e0 des tournois tout au long de l\u2019ann\u00e9e sur notre parcours 18 trous.","breadcrumb":{"@id":"https:\/\/golf.mwmdev.fr\/?page_id=569#breadcrumb"},"inLanguage":"fr-FR","potentialAction":[{"@type":"ReadAction","target":["https:\/\/golf.mwmdev.fr\/?page_id=569"]}]},{"@type":"BreadcrumbList","@id":"https:\/\/golf.mwmdev.fr\/?page_id=569#breadcrumb","itemListElement":[{"@type":"ListItem","position":1,"name":"Home","item":"https:\/\/www.golf.mwmdev.fr\/"},{"@type":"ListItem","position":2,"name":"Golf","item":"https:\/\/golf.mwmdev.fr\/?page_id=392"},{"@type":"ListItem","position":3,"name":"Association sportive &amp; Comp\u00e9titions"}]},{"@type":"WebSite","@id":"https:\/\/www.golf.mwmdev.fr\/#website","url":"https:\/\/www.golf.mwmdev.fr\/","name":"golf.mwmdev.fr","description":"","publisher":{"@id":"https:\/\/www.golf.mwmdev.fr\/#organization"},"potentialAction":[{"@type":"SearchAction","target":{"@type":"EntryPoint","urlTemplate":"https:\/\/www.golf.mwmdev.fr\/?s={search_term_string}"},"query-input":{"@type":"PropertyValueSpecification","valueRequired":true,"valueName":"search_term_string"}}],"inLanguage":"fr-FR"},{"@type":"Organization","@id":"https:\/\/www.golf.mwmdev.fr\/#organization","name":"golf.mwmdev.fr","url":"https:\/\/www.golf.mwmdev.fr\/","logo":{"@type":"ImageObject","inLanguage":"fr-FR","@id":"https:\/\/www.golf.mwmdev.fr\/#\/schema\/logo\/image\/","url":"https:\/\/golf.mwmdev.fr\/wp-content\/uploads\/2025\/04\/Logo-Domaine-Charmeil-web.png","contentUrl":"https:\/\/golf.mwmdev.fr\/wp-content\/uploads\/2025\/04\/Logo-Domaine-Charmeil-web.png","width":892,"height":567,"caption":"golf.mwmdev.fr"},"image":{"@id":"https:\/\/www.golf.mwmdev.fr\/#\/schema\/logo\/image\/"}}]}},"_links":{"self":[{"href":"https:\/\/golf.mwmdev.fr\/index.php?rest_route=\/wp\/v2\/pages\/569","targetHints":{"allow":["GET"]}}],"collection":[{"href":"https:\/\/golf.mwmdev.fr\/index.php?rest_route=\/wp\/v2\/pages"}],"about":[{"href":"https:\/\/golf.mwmdev.fr\/index.php?rest_route=\/wp\/v2\/types\/page"}],"author":[{"embeddable":true,"href":"https:\/\/golf.mwmdev.fr\/index.php?rest_route=\/wp\/v2\/users\/2"}],"replies":[{"embeddable":true,"href":"https:\/\/golf.mwmdev.fr\/index.php?rest_route=%2Fwp%2Fv2%2Fcomments&post=569"}],"version-history":[{"count":28,"href":"https:\/\/golf.mwmdev.fr\/index.php?rest_route=\/wp\/v2\/pages\/569\/revisions"}],"predecessor-version":[{"id":1551,"href":"https:\/\/golf.mwmdev.fr\/index.php?rest_route=\/wp\/v2\/pages\/569\/revisions\/1551"}],"up":[{"embeddable":true,"href":"https:\/\/golf.mwmdev.fr\/index.php?rest_route=\/wp\/v2\/pages\/392"}],"wp:attachment":[{"href":"https:\/\/golf.mwmdev.fr\/index.php?rest_route=%2Fwp%2Fv2%2Fmedia&parent=569"}],"curies":[{"name":"wp","href":"https:\/\/api.w.org\/{rel}","templated":true}]}}