{"id":536,"date":"2025-03-19T13:56:23","date_gmt":"2025-03-19T13:56:23","guid":{"rendered":"https:\/\/golf.mwmdev.fr\/?page_id=536"},"modified":"2025-03-31T12:34:08","modified_gmt":"2025-03-31T12:34:08","slug":"clubmaking","status":"publish","type":"page","link":"https:\/\/golf.mwmdev.fr\/?page_id=536","title":{"rendered":"ClubMaking"},"content":{"rendered":"\t\t<div data-elementor-type=\"wp-page\" data-elementor-id=\"536\" class=\"elementor elementor-536\" data-elementor-post-type=\"page\">\n\t\t\t\t<div data-particle_enable=\"false\" data-particle-mobile-disabled=\"false\" class=\"elementor-element elementor-element-4567ee0 e-flex e-con-boxed e-con e-parent\" data-id=\"4567ee0\" data-element_type=\"container\" data-e-type=\"container\" data-settings=\"{&quot;background_background&quot;:&quot;classic&quot;}\">\n\t\t\t\t\t<div class=\"e-con-inner\">\n\t\t<div data-particle_enable=\"false\" data-particle-mobile-disabled=\"false\" class=\"elementor-element elementor-element-68fa390 e-con-full e-flex e-con e-child\" data-id=\"68fa390\" data-element_type=\"container\" data-e-type=\"container\">\n\t\t\t\t<div class=\"elementor-element elementor-element-4912e2c elementor-widget-mobile__width-inherit elementor-invisible elementor-widget elementor-widget-heading\" data-id=\"4912e2c\" data-element_type=\"widget\" data-e-type=\"widget\" data-settings=\"{&quot;_animation&quot;:&quot;fadeIn&quot;}\" data-widget_type=\"heading.default\">\n\t\t\t\t<div class=\"elementor-widget-container\">\n\t\t\t\t\t<h2 class=\"elementor-heading-title elementor-size-default\">Espace Golf<\/h2>\t\t\t\t<\/div>\n\t\t\t\t<\/div>\n\t\t\t\t<div class=\"elementor-element elementor-element-9b82417 elementor-widget-mobile__width-inherit elementor-invisible elementor-widget elementor-widget-heading\" data-id=\"9b82417\" data-element_type=\"widget\" data-e-type=\"widget\" data-settings=\"{&quot;_animation&quot;:&quot;fadeIn&quot;}\" data-widget_type=\"heading.default\">\n\t\t\t\t<div class=\"elementor-widget-container\">\n\t\t\t\t\t<h2 class=\"elementor-heading-title elementor-size-default\">Club Making<\/h2>\t\t\t\t<\/div>\n\t\t\t\t<\/div>\n\t\t\t\t<div class=\"elementor-element elementor-element-660f5f6 elementor-widget__width-inherit elementor-widget elementor-widget-heading\" data-id=\"660f5f6\" data-element_type=\"widget\" data-e-type=\"widget\" data-widget_type=\"heading.default\">\n\t\t\t\t<div class=\"elementor-widget-container\">\n\t\t\t\t\t<h2 class=\"elementor-heading-title elementor-size-default\">Un golf 4 saisons<\/h2>\t\t\t\t<\/div>\n\t\t\t\t<\/div>\n\t\t\t\t<div class=\"elementor-element elementor-element-c0d4247 elementor-widget-divider--view-line elementor-widget elementor-widget-divider\" data-id=\"c0d4247\" data-element_type=\"widget\" data-e-type=\"widget\" data-widget_type=\"divider.default\">\n\t\t\t\t<div class=\"elementor-widget-container\">\n\t\t\t\t\t\t\t<div class=\"elementor-divider\">\n\t\t\t<span class=\"elementor-divider-separator\">\n\t\t\t\t\t\t<\/span>\n\t\t<\/div>\n\t\t\t\t\t\t<\/div>\n\t\t\t\t<\/div>\n\t\t\t\t<\/div>\n\t\t\t\t\t<\/div>\n\t\t\t\t<\/div>\n\t\t<div data-particle_enable=\"false\" data-particle-mobile-disabled=\"false\" class=\"elementor-element elementor-element-d8703d3 e-flex e-con-boxed e-con e-parent\" data-id=\"d8703d3\" data-element_type=\"container\" data-e-type=\"container\">\n\t\t\t\t\t<div class=\"e-con-inner\">\n\t\t<div data-particle_enable=\"false\" data-particle-mobile-disabled=\"false\" class=\"elementor-element elementor-element-625eea7 e-con-full e-flex e-con e-child\" data-id=\"625eea7\" data-element_type=\"container\" data-e-type=\"container\">\n\t\t<div data-particle_enable=\"false\" data-particle-mobile-disabled=\"false\" class=\"elementor-element elementor-element-476dc7f e-con-full e-flex e-con e-child\" data-id=\"476dc7f\" data-element_type=\"container\" data-e-type=\"container\">\n\t\t\t\t<div class=\"elementor-element elementor-element-515c5ee elementor-widget elementor-widget-spacer\" data-id=\"515c5ee\" data-element_type=\"widget\" data-e-type=\"widget\" data-settings=\"{&quot;motion_fx_motion_fx_scrolling&quot;:&quot;yes&quot;,&quot;motion_fx_translateY_effect&quot;:&quot;yes&quot;,&quot;motion_fx_translateY_speed&quot;:{&quot;unit&quot;:&quot;px&quot;,&quot;size&quot;:2.5,&quot;sizes&quot;:[]},&quot;motion_fx_translateY_affectedRange&quot;:{&quot;unit&quot;:&quot;%&quot;,&quot;size&quot;:&quot;&quot;,&quot;sizes&quot;:{&quot;start&quot;:0,&quot;end&quot;:100}},&quot;motion_fx_devices&quot;:[&quot;desktop&quot;,&quot;tablet&quot;,&quot;mobile&quot;]}\" data-widget_type=\"spacer.default\">\n\t\t\t\t<div class=\"elementor-widget-container\">\n\t\t\t\t\t\t\t<div class=\"elementor-spacer\">\n\t\t\t<div class=\"elementor-spacer-inner\"><\/div>\n\t\t<\/div>\n\t\t\t\t\t\t<\/div>\n\t\t\t\t<\/div>\n\t\t\t\t<\/div>\n\t\t<div data-particle_enable=\"false\" data-particle-mobile-disabled=\"false\" class=\"elementor-element elementor-element-02edb22 e-con-full e-flex e-con e-child\" data-id=\"02edb22\" data-element_type=\"container\" data-e-type=\"container\">\n\t\t\t\t<div class=\"elementor-element elementor-element-343cb4c elementor-widget elementor-widget-spacer\" data-id=\"343cb4c\" data-element_type=\"widget\" data-e-type=\"widget\" data-settings=\"{&quot;motion_fx_motion_fx_scrolling&quot;:&quot;yes&quot;,&quot;motion_fx_translateY_effect&quot;:&quot;yes&quot;,&quot;motion_fx_translateY_direction&quot;:&quot;negative&quot;,&quot;motion_fx_translateY_speed&quot;:{&quot;unit&quot;:&quot;px&quot;,&quot;size&quot;:2.5,&quot;sizes&quot;:[]},&quot;motion_fx_translateY_affectedRange&quot;:{&quot;unit&quot;:&quot;%&quot;,&quot;size&quot;:&quot;&quot;,&quot;sizes&quot;:{&quot;start&quot;:0,&quot;end&quot;:100}},&quot;motion_fx_devices&quot;:[&quot;desktop&quot;,&quot;tablet&quot;,&quot;mobile&quot;]}\" data-widget_type=\"spacer.default\">\n\t\t\t\t<div class=\"elementor-widget-container\">\n\t\t\t\t\t\t\t<div class=\"elementor-spacer\">\n\t\t\t<div class=\"elementor-spacer-inner\"><\/div>\n\t\t<\/div>\n\t\t\t\t\t\t<\/div>\n\t\t\t\t<\/div>\n\t\t\t\t<\/div>\n\t\t\t\t<\/div>\n\t\t<div data-particle_enable=\"false\" data-particle-mobile-disabled=\"false\" class=\"elementor-element elementor-element-2f753a3 e-con-full e-flex e-con e-child\" data-id=\"2f753a3\" data-element_type=\"container\" data-e-type=\"container\" data-settings=\"{&quot;background_background&quot;:&quot;classic&quot;}\">\n\t\t\t\t<div class=\"elementor-element elementor-element-4b3426a elementor-widget-tablet__width-inherit elementor-invisible elementor-widget elementor-widget-heading\" data-id=\"4b3426a\" data-element_type=\"widget\" data-e-type=\"widget\" data-settings=\"{&quot;_animation&quot;:&quot;fadeIn&quot;}\" data-widget_type=\"heading.default\">\n\t\t\t\t<div class=\"elementor-widget-container\">\n\t\t\t\t\t<h2 class=\"elementor-heading-title elementor-size-default\">Un tout nouvel<\/h2>\t\t\t\t<\/div>\n\t\t\t\t<\/div>\n\t\t\t\t<div class=\"elementor-element elementor-element-427e804 elementor-widget-tablet__width-inherit elementor-invisible elementor-widget elementor-widget-heading\" data-id=\"427e804\" data-element_type=\"widget\" data-e-type=\"widget\" data-settings=\"{&quot;_animation&quot;:&quot;fadeIn&quot;}\" data-widget_type=\"heading.default\">\n\t\t\t\t<div class=\"elementor-widget-container\">\n\t\t\t\t\t<h2 class=\"elementor-heading-title elementor-size-default\"> atelier<\/h2>\t\t\t\t<\/div>\n\t\t\t\t<\/div>\n\t\t\t\t<div class=\"elementor-element elementor-element-876aef1 animated-slow elementor-invisible elementor-widget elementor-widget-text-editor\" data-id=\"876aef1\" data-element_type=\"widget\" data-e-type=\"widget\" data-settings=\"{&quot;_animation&quot;:&quot;fadeIn&quot;,&quot;_animation_delay&quot;:1000}\" data-widget_type=\"text-editor.default\">\n\t\t\t\t<div class=\"elementor-widget-container\">\n\t\t\t\t\t\t\t\t\t<p>destin\u00e9 \u00e0 la vente de mat\u00e9riel et au Clubmaking a vu le jour \u00e0 Charmeil en 2019\u00a0: le Sweetspot<\/p><p>Situ\u00e9 \u00e0 quelques m\u00e8tres du practice, cet espace est enti\u00e8rement d\u00e9di\u00e9 aux golfeurs afin de leur offrir un accompagnement et un service personnalis\u00e9.<\/p><p>Le golfeur souhaitant changer de mat\u00e9riel y trouvera un conseil de qualit\u00e9 car chaque fitting se d\u00e9roule dans l\u2019arri\u00e8re salle \u00e0 l\u2019aide d\u2019un flightscope (radar) et est supervis\u00e9 par un professionnel de golf. Ainsi chacun pourra jouer avec des clubs sur mesure, optimisant sa performance \u00e0 travers une large gamme de mat\u00e9riel de grandes marques.<\/p><p>Le Sweetspot de Charmeil est un v\u00e9ritable concentr\u00e9 d\u2019expertise mis \u00e0 votre disposition pour vous aider \u00e0 parfaire votre swing\u00a0!<\/p><p>Il est \u00e9galement possible de venir faire changer ses grips ou encore de faire r\u00e9parer un club cass\u00e9.<\/p>\t\t\t\t\t\t\t\t<\/div>\n\t\t\t\t<\/div>\n\t\t\t\t<div class=\"elementor-element elementor-element-bf78204 animated-slow elementor-invisible elementor-widget elementor-widget-text-editor\" data-id=\"bf78204\" data-element_type=\"widget\" data-e-type=\"widget\" data-settings=\"{&quot;_animation&quot;:&quot;fadeIn&quot;,&quot;_animation_delay&quot;:1000}\" data-widget_type=\"text-editor.default\">\n\t\t\t\t<div class=\"elementor-widget-container\">\n\t\t\t\t\t\t\t\t\t<p>Horaires d&rsquo;ouverture<\/p>\t\t\t\t\t\t\t\t<\/div>\n\t\t\t\t<\/div>\n\t\t\t\t<div class=\"elementor-element elementor-element-e305bf4 animated-slow elementor-invisible elementor-widget elementor-widget-text-editor\" data-id=\"e305bf4\" data-element_type=\"widget\" data-e-type=\"widget\" data-settings=\"{&quot;_animation&quot;:&quot;fadeIn&quot;,&quot;_animation_delay&quot;:1000}\" data-widget_type=\"text-editor.default\">\n\t\t\t\t<div class=\"elementor-widget-container\">\n\t\t\t\t\t\t\t\t\t<p>lundi: 14h \u00e0 18h<br \/>mardi au samedi: 9h \u00e0 18h<br \/>dimanche: 9h \u00e0 17h<\/p>\t\t\t\t\t\t\t\t<\/div>\n\t\t\t\t<\/div>\n\t\t\t\t<div class=\"elementor-element elementor-element-4759c35 animated-slow elementor-widget-divider--view-line elementor-invisible elementor-widget elementor-widget-divider\" data-id=\"4759c35\" data-element_type=\"widget\" data-e-type=\"widget\" data-settings=\"{&quot;_animation&quot;:&quot;fadeIn&quot;,&quot;_animation_delay&quot;:500}\" data-widget_type=\"divider.default\">\n\t\t\t\t<div class=\"elementor-widget-container\">\n\t\t\t\t\t\t\t<div class=\"elementor-divider\">\n\t\t\t<span class=\"elementor-divider-separator\">\n\t\t\t\t\t\t<\/span>\n\t\t<\/div>\n\t\t\t\t\t\t<\/div>\n\t\t\t\t<\/div>\n\t\t\t\t<div class=\"elementor-element elementor-element-aa379c7 animated-slow elementor-invisible elementor-widget elementor-widget-text-editor\" data-id=\"aa379c7\" data-element_type=\"widget\" data-e-type=\"widget\" data-settings=\"{&quot;_animation&quot;:&quot;fadeIn&quot;,&quot;_animation_delay&quot;:1000}\" data-widget_type=\"text-editor.default\">\n\t\t\t\t<div class=\"elementor-widget-container\">\n\t\t\t\t\t\t\t\t\t<p>Pour plus d\u2019informations, veuillez contacter le Sweet spot au 06.18.67.99.74<\/p>\t\t\t\t\t\t\t\t<\/div>\n\t\t\t\t<\/div>\n\t\t\t\t<\/div>\n\t\t\t\t\t<\/div>\n\t\t\t\t<\/div>\n\t\t\t\t<\/div>\n\t\t","protected":false},"excerpt":{"rendered":"<p>Espace Golf Club Making Un golf 4 saisons Un tout nouvel atelier destin\u00e9 \u00e0 la vente de mat\u00e9riel et au Clubmaking a vu le jour \u00e0 Charmeil en 2019\u00a0: le Sweetspot Situ\u00e9 \u00e0 quelques m\u00e8tres du practice, cet espace est enti\u00e8rement d\u00e9di\u00e9 aux golfeurs afin de leur offrir un accompagnement et un service personnalis\u00e9. Le [&hellip;]<\/p>\n","protected":false},"author":2,"featured_media":0,"parent":392,"menu_order":0,"comment_status":"closed","ping_status":"closed","template":"","meta":{"footnotes":""},"class_list":["post-536","page","type-page","status-publish","hentry"],"yoast_head":"<!-- This site is optimized with the Yoast SEO plugin v24.7 - https:\/\/yoast.com\/wordpress\/plugins\/seo\/ -->\n<title>ClubMaking | Golf de Charmeil<\/title>\n<meta name=\"description\" content=\"ClubMaking | Clubmaking &amp; fitting en Is\u00e8re | Optimisez votre jeu avec des clubs sur mesure au Golf H\u00f4tel de Charmeil | R\u00e9glages, r\u00e9parations et ajustements personnalis\u00e9s.\" \/>\n<meta name=\"robots\" content=\"index, follow, max-snippet:-1, max-image-preview:large, max-video-preview:-1\" \/>\n<link rel=\"canonical\" href=\"https:\/\/golf.mwmdev.fr\/?page_id=536\" \/>\n<meta property=\"og:locale\" content=\"fr_FR\" \/>\n<meta property=\"og:type\" content=\"article\" \/>\n<meta property=\"og:title\" content=\"ClubMaking | Golf de Charmeil\" \/>\n<meta property=\"og:description\" content=\"ClubMaking | Clubmaking &amp; fitting en Is\u00e8re | Optimisez votre jeu avec des clubs sur mesure au Golf H\u00f4tel de Charmeil | R\u00e9glages, r\u00e9parations et ajustements personnalis\u00e9s.\" \/>\n<meta property=\"og:url\" content=\"https:\/\/golf.mwmdev.fr\/?page_id=536\" \/>\n<meta property=\"og:site_name\" content=\"golf.mwmdev.fr\" \/>\n<meta property=\"article:modified_time\" content=\"2025-03-31T12:34:08+00:00\" \/>\n<meta name=\"twitter:card\" content=\"summary_large_image\" \/>\n<meta name=\"twitter:label1\" content=\"Dur\u00e9e de lecture estim\u00e9e\" \/>\n\t<meta name=\"twitter:data1\" content=\"1 minute\" \/>\n<script type=\"application\/ld+json\" class=\"yoast-schema-graph\">{\"@context\":\"https:\/\/schema.org\",\"@graph\":[{\"@type\":\"WebPage\",\"@id\":\"https:\/\/golf.mwmdev.fr\/?page_id=536\",\"url\":\"https:\/\/golf.mwmdev.fr\/?page_id=536\",\"name\":\"ClubMaking | Golf de Charmeil\",\"isPartOf\":{\"@id\":\"https:\/\/www.golf.mwmdev.fr\/#website\"},\"datePublished\":\"2025-03-19T13:56:23+00:00\",\"dateModified\":\"2025-03-31T12:34:08+00:00\",\"description\":\"ClubMaking | Clubmaking & fitting en Is\u00e8re | Optimisez votre jeu avec des clubs sur mesure au Golf H\u00f4tel de Charmeil | R\u00e9glages, r\u00e9parations et ajustements personnalis\u00e9s.\",\"breadcrumb\":{\"@id\":\"https:\/\/golf.mwmdev.fr\/?page_id=536#breadcrumb\"},\"inLanguage\":\"fr-FR\",\"potentialAction\":[{\"@type\":\"ReadAction\",\"target\":[\"https:\/\/golf.mwmdev.fr\/?page_id=536\"]}]},{\"@type\":\"BreadcrumbList\",\"@id\":\"https:\/\/golf.mwmdev.fr\/?page_id=536#breadcrumb\",\"itemListElement\":[{\"@type\":\"ListItem\",\"position\":1,\"name\":\"Home\",\"item\":\"https:\/\/www.golf.mwmdev.fr\/\"},{\"@type\":\"ListItem\",\"position\":2,\"name\":\"Golf\",\"item\":\"https:\/\/golf.mwmdev.fr\/?page_id=392\"},{\"@type\":\"ListItem\",\"position\":3,\"name\":\"ClubMaking\"}]},{\"@type\":\"WebSite\",\"@id\":\"https:\/\/www.golf.mwmdev.fr\/#website\",\"url\":\"https:\/\/www.golf.mwmdev.fr\/\",\"name\":\"golf.mwmdev.fr\",\"description\":\"\",\"publisher\":{\"@id\":\"https:\/\/www.golf.mwmdev.fr\/#organization\"},\"potentialAction\":[{\"@type\":\"SearchAction\",\"target\":{\"@type\":\"EntryPoint\",\"urlTemplate\":\"https:\/\/www.golf.mwmdev.fr\/?s={search_term_string}\"},\"query-input\":{\"@type\":\"PropertyValueSpecification\",\"valueRequired\":true,\"valueName\":\"search_term_string\"}}],\"inLanguage\":\"fr-FR\"},{\"@type\":\"Organization\",\"@id\":\"https:\/\/www.golf.mwmdev.fr\/#organization\",\"name\":\"golf.mwmdev.fr\",\"url\":\"https:\/\/www.golf.mwmdev.fr\/\",\"logo\":{\"@type\":\"ImageObject\",\"inLanguage\":\"fr-FR\",\"@id\":\"https:\/\/www.golf.mwmdev.fr\/#\/schema\/logo\/image\/\",\"url\":\"https:\/\/golf.mwmdev.fr\/wp-content\/uploads\/2025\/04\/Logo-Domaine-Charmeil-web.png\",\"contentUrl\":\"https:\/\/golf.mwmdev.fr\/wp-content\/uploads\/2025\/04\/Logo-Domaine-Charmeil-web.png\",\"width\":892,\"height\":567,\"caption\":\"golf.mwmdev.fr\"},\"image\":{\"@id\":\"https:\/\/www.golf.mwmdev.fr\/#\/schema\/logo\/image\/\"}}]}<\/script>\n<!-- \/ Yoast SEO plugin. -->","yoast_head_json":{"title":"ClubMaking | Golf de Charmeil","description":"ClubMaking | Clubmaking & fitting en Is\u00e8re | Optimisez votre jeu avec des clubs sur mesure au Golf H\u00f4tel de Charmeil | R\u00e9glages, r\u00e9parations et ajustements personnalis\u00e9s.","robots":{"index":"index","follow":"follow","max-snippet":"max-snippet:-1","max-image-preview":"max-image-preview:large","max-video-preview":"max-video-preview:-1"},"canonical":"https:\/\/golf.mwmdev.fr\/?page_id=536","og_locale":"fr_FR","og_type":"article","og_title":"ClubMaking | Golf de Charmeil","og_description":"ClubMaking | Clubmaking & fitting en Is\u00e8re | Optimisez votre jeu avec des clubs sur mesure au Golf H\u00f4tel de Charmeil | R\u00e9glages, r\u00e9parations et ajustements personnalis\u00e9s.","og_url":"https:\/\/golf.mwmdev.fr\/?page_id=536","og_site_name":"golf.mwmdev.fr","article_modified_time":"2025-03-31T12:34:08+00:00","twitter_card":"summary_large_image","twitter_misc":{"Dur\u00e9e de lecture estim\u00e9e":"1 minute"},"schema":{"@context":"https:\/\/schema.org","@graph":[{"@type":"WebPage","@id":"https:\/\/golf.mwmdev.fr\/?page_id=536","url":"https:\/\/golf.mwmdev.fr\/?page_id=536","name":"ClubMaking | Golf de Charmeil","isPartOf":{"@id":"https:\/\/www.golf.mwmdev.fr\/#website"},"datePublished":"2025-03-19T13:56:23+00:00","dateModified":"2025-03-31T12:34:08+00:00","description":"ClubMaking | Clubmaking & fitting en Is\u00e8re | Optimisez votre jeu avec des clubs sur mesure au Golf H\u00f4tel de Charmeil | R\u00e9glages, r\u00e9parations et ajustements personnalis\u00e9s.","breadcrumb":{"@id":"https:\/\/golf.mwmdev.fr\/?page_id=536#breadcrumb"},"inLanguage":"fr-FR","potentialAction":[{"@type":"ReadAction","target":["https:\/\/golf.mwmdev.fr\/?page_id=536"]}]},{"@type":"BreadcrumbList","@id":"https:\/\/golf.mwmdev.fr\/?page_id=536#breadcrumb","itemListElement":[{"@type":"ListItem","position":1,"name":"Home","item":"https:\/\/www.golf.mwmdev.fr\/"},{"@type":"ListItem","position":2,"name":"Golf","item":"https:\/\/golf.mwmdev.fr\/?page_id=392"},{"@type":"ListItem","position":3,"name":"ClubMaking"}]},{"@type":"WebSite","@id":"https:\/\/www.golf.mwmdev.fr\/#website","url":"https:\/\/www.golf.mwmdev.fr\/","name":"golf.mwmdev.fr","description":"","publisher":{"@id":"https:\/\/www.golf.mwmdev.fr\/#organization"},"potentialAction":[{"@type":"SearchAction","target":{"@type":"EntryPoint","urlTemplate":"https:\/\/www.golf.mwmdev.fr\/?s={search_term_string}"},"query-input":{"@type":"PropertyValueSpecification","valueRequired":true,"valueName":"search_term_string"}}],"inLanguage":"fr-FR"},{"@type":"Organization","@id":"https:\/\/www.golf.mwmdev.fr\/#organization","name":"golf.mwmdev.fr","url":"https:\/\/www.golf.mwmdev.fr\/","logo":{"@type":"ImageObject","inLanguage":"fr-FR","@id":"https:\/\/www.golf.mwmdev.fr\/#\/schema\/logo\/image\/","url":"https:\/\/golf.mwmdev.fr\/wp-content\/uploads\/2025\/04\/Logo-Domaine-Charmeil-web.png","contentUrl":"https:\/\/golf.mwmdev.fr\/wp-content\/uploads\/2025\/04\/Logo-Domaine-Charmeil-web.png","width":892,"height":567,"caption":"golf.mwmdev.fr"},"image":{"@id":"https:\/\/www.golf.mwmdev.fr\/#\/schema\/logo\/image\/"}}]}},"_links":{"self":[{"href":"https:\/\/golf.mwmdev.fr\/index.php?rest_route=\/wp\/v2\/pages\/536","targetHints":{"allow":["GET"]}}],"collection":[{"href":"https:\/\/golf.mwmdev.fr\/index.php?rest_route=\/wp\/v2\/pages"}],"about":[{"href":"https:\/\/golf.mwmdev.fr\/index.php?rest_route=\/wp\/v2\/types\/page"}],"author":[{"embeddable":true,"href":"https:\/\/golf.mwmdev.fr\/index.php?rest_route=\/wp\/v2\/users\/2"}],"replies":[{"embeddable":true,"href":"https:\/\/golf.mwmdev.fr\/index.php?rest_route=%2Fwp%2Fv2%2Fcomments&post=536"}],"version-history":[{"count":25,"href":"https:\/\/golf.mwmdev.fr\/index.php?rest_route=\/wp\/v2\/pages\/536\/revisions"}],"predecessor-version":[{"id":1441,"href":"https:\/\/golf.mwmdev.fr\/index.php?rest_route=\/wp\/v2\/pages\/536\/revisions\/1441"}],"up":[{"embeddable":true,"href":"https:\/\/golf.mwmdev.fr\/index.php?rest_route=\/wp\/v2\/pages\/392"}],"wp:attachment":[{"href":"https:\/\/golf.mwmdev.fr\/index.php?rest_route=%2Fwp%2Fv2%2Fmedia&parent=536"}],"curies":[{"name":"wp","href":"https:\/\/api.w.org\/{rel}","templated":true}]}}